{"id":268,"date":"2023-02-18T17:44:14","date_gmt":"2023-02-18T14:44:14","guid":{"rendered":"https:\/\/www.asuatun.com\/?page_id=268"},"modified":"2023-02-19T20:02:19","modified_gmt":"2023-02-19T17:02:19","slug":"kucucukken-ozellikle-babalari-tarafindan-baslari-bile-oksanmamis-prensesler","status":"publish","type":"page","link":"https:\/\/www.asuatun.com\/index.php\/kucucukken-ozellikle-babalari-tarafindan-baslari-bile-oksanmamis-prensesler\/","title":{"rendered":"K\u00fc\u00e7\u00fcc\u00fckken \u00f6zellikle Babalar\u0131 taraf\u0131ndan ba\u015flar\u0131 bile ok\u015fanmam\u0131\u015f Prensesler,"},"content":{"rendered":"\n<p class=\"has-text-align-right has-x-large-font-size\"><a href=\"https:\/\/www.asuatun.com\/index.php\/yazilar\/\" data-type=\"URL\" data-id=\"https:\/\/www.asuatun.com\/index.php\/yazilar\/\">\u2190<\/a><\/p>\n\n\n\n<p>K\u00fc\u00e7\u00fcc\u00fckken \u00f6zellikle Babalar\u0131 taraf\u0131ndan ba\u015flar\u0131 bile ok\u015fanmam\u0131\u015f Prensesler, b\u00fcy\u00fcd\u00fckleri zaman Cad\u0131lara m\u0131 d\u00f6n\u00fc\u015f\u00fcrler yoksa kendi krall\u0131klar\u0131n\u0131 kuran Krali\u00e7eler mi olurlar? Bir de tabii her iki a\u015f\u0131r\u0131 uca ka\u00e7madan araya s\u0131k\u0131\u015fanlar\u0131m\u0131z var.. Freud\u2019un Psikanaliz \u00fczerine adl\u0131 kitab\u0131nda anlatt\u0131\u011f\u0131 gibi k\u0131z \u00e7ocuklar Babalar\u0131na, erkek \u00e7ocuklar ise Annelerine d\u00fc\u015fk\u00fcn olurlar. K\u0131z \u00e7ocuklar Babalar\u0131na asl\u0131nda a\u015f\u0131k olurlar ve i\u00e7ten i\u00e7e annelerinin evden gitmesini isterler. Freud bu davran\u0131\u015fa Elektra kompleksi ad\u0131n\u0131 vermi\u015ftir. Hal b\u00f6yle iken k\u00fc\u00e7\u00fcc\u00fck bir k\u0131za Babas\u0131n\u0131n sevgi g\u00f6stermedi\u011fini d\u00fc\u015f\u00fcn\u00fcn. \u201cAma Babas\u0131 \u00f6len k\u0131zlar var\u201d diye d\u00fc\u015f\u00fcnebilirsiniz. Evet var ve evde var olan Baban\u0131n yoklu\u011fu baz\u0131 durumlarda \u00e7ok daha fazla ac\u0131 verebiliyor. Bunun sebebi de fiziken yan\u0131n\u0131zdaym\u0131\u015f gibi g\u00f6r\u00fcnen ve ger\u00e7ekte sevgi vermeyi bilmeyen bir adam\u0131n varl\u0131\u011f\u0131ndan sizin k\u00fc\u00e7\u00fck bir k\u0131z olarak sevgi alma beklentisi i\u00e7erisine girmenizdir, ki bu da \u00e7ok normal ve i\u00e7g\u00fcd\u00fcsel bir davran\u0131\u015ft\u0131r. Siz sevgi bekledik\u00e7e o veremeyecek, \u00fcst\u00fcne giderseniz sizi olabildi\u011fince uza\u011fa itecektir \u00e7\u00fcnk\u00fc asl\u0131nda o da k\u00fc\u00e7\u00fcc\u00fckken ebeveynlerinden sevgi g\u00f6rmemi\u015ftir, bu y\u00fczden sevgi g\u00f6rd\u00fc\u011f\u00fc zaman veya kendisinden sevgi talep edildi\u011fi zaman ne yapaca\u011f\u0131n\u0131 bilemeyecek ve en iyi bildi\u011fi \u015feyi, ka\u00e7may\u0131 tercih edecektir. Hal b\u00f6yle iken bu g\u00fczel k\u0131z \u00e7ocuklar\u0131 kendilerini sevilmeye lay\u0131k g\u00f6rmeden b\u00fcy\u00fcmeye ba\u015flar ve birer yeti\u015fkin olurlar. Heteroseks\u00fcel bir e\u011filim i\u00e7erisindeyseler erkeklere ilgi duymaya, erkeklerden ilgi g\u00f6rmeye ba\u015flarlar. Esas hikayemiz de zaten burada ba\u015fl\u0131yor. Babalar\u0131ndan sevgi g\u00f6rememi\u015f, kendilerinin sevilmeye lay\u0131k olduklar\u0131n\u0131 \u00f6\u011frenememi\u015f bu g\u00fczel k\u00fc\u00e7\u00fcc\u00fck k\u0131z \u00e7ocuklar\u0131 b\u00fcy\u00fcseler dahi bu sevgi depolar\u0131 hep bo\u015f kalmaya devam ediyor ve onlar bu sevgi bo\u015flu\u011funu fark edemeyebiliyorlar. Kendilerinden ger\u00e7ekten ho\u015flanan, olduklar\u0131 gibi kabul eden ve sevgilerini g\u00f6stermekten \u00e7ekinemeyen erkekleri hi\u00e7 ama hi\u00e7 \u00e7ekici bulmuyorlar. Bilakis \u201cben zor erkek seviyorum\u201d mottosunu fark\u0131na bile varmadan ilke edinmeye ba\u015fl\u0131yorlar. Kendilerine ilk ba\u015flarda olduk\u00e7a ilgi g\u00f6sterip sonras\u0131nda ise ortadan kaybolan erkekler inan\u0131lmaz \u00e7ekici gelmeye ba\u015fl\u0131yor. Bu tarz yine sevgi vermek ve almak konusunda s\u0131k\u0131nt\u0131 ya\u015fayan erkeklerin bir ili\u015fki i\u00e7in \u2018m\u00fcsait\u2019 olamay\u0131\u015f\u0131 olduk\u00e7a \u00e7ekici gelmeye ba\u015fl\u0131yor. Bir t\u00fcrl\u00fc \u2018sa\u011fl\u0131kl\u0131 bir ili\u015fki\u2019 ya\u015fayamayan bu prensesler bunun sebebini dahi anlayam\u0131yorlar. Bu prenseslerden bir k\u0131sm\u0131 kalplerini karart\u0131p erkekleri, k\u00f6t\u00fc davran\u0131lmay\u0131 hak eden ki\u015filer olarak ilan ediyorlar. Menfaatleri \u00e7er\u00e7evesinde erkeklerle ili\u015fki kurup herhangi bir duygusal ba\u011f geli\u015ftirmiyorlar. Bu \u015fekilde davranmakla asl\u0131nda ya\u015fayabilecekleri mutluluktan da kendilerini mahrum ediyorlar. Bir grup prenses ise kariyerini, paras\u0131n\u0131, \u00e7evresini kazan\u0131p yaln\u0131z ya\u015famaya ba\u015fl\u0131yor ve kendi zevklerine ve hayat felsefesine g\u00f6re krall\u0131klar\u0131n\u0131 kuruyor. Bu tarz \u2018krali\u00e7elerde\u2019 mant\u0131k olduk\u00e7a devreye giriyor, kendi d\u00fczenlerini bozabilecek herhangi birisini b\u0131rak\u0131n \u00f6zel hayatlar\u0131na, arkada\u015f \u00e7evrelerine dahi sokmuyorlar. Bu kad\u0131nlar da kendi k\u0131r\u0131lganl\u0131klar\u0131n\u0131 saklamaya \u00e7al\u0131\u015f\u0131yorlar asl\u0131nda. B\u00fct\u00fcn davran\u0131\u015flar\u0131n\u0131 planl\u0131, bilerek ve kontrol alt\u0131nda tutuyorlar. B\u00f6yle yapmakla da belki de mutlu olabilecekleri ortamlar\u0131 ka\u00e7\u0131r\u0131yorlar veya hayat\u0131 sanki hi\u00e7 bitmeyecek gibi erteliyorlar. Olas\u0131 bir \u2018duygusal hasar\u0131\u2019 bertaraf ederken kendilerini ho\u015flanma, sevme, sevilme, birlikte zaman ge\u00e7irme gibi keyif verici davran\u0131\u015flardan da mahrum b\u0131rak\u0131yorlar. Bir de iki arada bir derede kalanlar\u0131m\u0131z var tabii. Hi\u00e7bir zaman bir ili\u015fkiyi bitiremeyen, ili\u015fki hastalansa dahi bunu g\u00f6rmekten imtina edip sevgi olmayan bir ili\u015fkide birazc\u0131k da olsa sevgi alabilme umuduyla tutunmaya \u00e7al\u0131\u015fanlar\u0131m\u0131z ve belki de en fazla ac\u0131 \u00e7ekenlerimiz. Bu g\u00fczel prensesler hayat\u0131 s\u00fcrekli ba\u015fkalar\u0131 i\u00e7in erteleme \u00f6zverisinde bile bulunup, kendi ya\u015famlar\u0131n\u0131 hatta ve hatta kendilerini hi\u00e7e sayabiliyorlar, k\u00fc\u00e7\u00fcc\u00fck bir sevgi g\u00f6rebilme ihtimali u\u011fruna. Peki ne yap\u0131labilir diye sorabilirsiniz. \u00d6ncelikle ki\u015finin kendi durumunun fark\u0131na var\u0131p kabul etmesi sorunu yar\u0131 yar\u0131ya \u00e7\u00f6z\u00fcyor. \u00c7\u00fcnk\u00fc ki\u015fi kendi hassas ve k\u0131r\u0131lgan duygular\u0131yla y\u00fczle\u015fme cesareti buluyor. Bundan sonraki s\u00fcre\u00e7lerde bir ili\u015fkiden ne istedi\u011fiyle ve \u00f6zellikle kendi \u00f6zde\u011ferinin fark\u0131ndal\u0131\u011f\u0131yla ilgili \u00e7al\u0131\u015fmalar yapmas\u0131 gerekiyor. Bu tarz hassas ve \u00f6zel s\u00fcre\u00e7lerde l\u00fctfen profesyonel yard\u0131m almaktan \u00e7ekinmeyin. S\u00fcre\u00e7ler anlat\u0131ld\u0131\u011f\u0131 kadar kolay ve sanc\u0131s\u0131z ge\u00e7meyebiliyor. Hepimiz farkl\u0131 farkl\u0131 ya\u015fam dersleri i\u00e7in buraday\u0131z. Bu s\u0131navlar\u0131 verip, zaman\u0131 geldi\u011fi zaman bizler de her \u015feyi arkada b\u0131rak\u0131p bu d\u00fcnyadan gidece\u011fiz. \u201cNeden hep benim ba\u015f\u0131ma gelir?\u201d den ziyade \u201cbu deneyimden ne \u00f6\u011freniyorum?\u201d sorusu bizim i\u00e7in \u00e7ok daha faydal\u0131 ve geli\u015ftirici olacakt\u0131r. Sa\u011fl\u0131kla ve sevgiyle kal\u0131n<\/p>\n","protected":false},"excerpt":{"rendered":"<p>\u2190 K\u00fc\u00e7\u00fcc\u00fckken \u00f6zellikle Babalar\u0131 taraf\u0131ndan ba\u015flar\u0131 bile ok\u015fanmam\u0131\u015f Prensesler, b\u00fcy\u00fcd\u00fckleri zaman Cad\u0131lara m\u0131 d\u00f6n\u00fc\u015f\u00fcrler yoksa kendi krall\u0131klar\u0131n\u0131 kuran Krali\u00e7eler mi olurlar? Bir de tabii her iki a\u015f\u0131r\u0131 uca ka\u00e7madan araya s\u0131k\u0131\u015fanlar\u0131m\u0131z var.. Freud\u2019un Psikanaliz \u00fczerine adl\u0131 kitab\u0131nda anlatt\u0131\u011f\u0131 gibi k\u0131z \u00e7ocuklar Babalar\u0131na, erkek \u00e7ocuklar ise Annelerine d\u00fc\u015fk\u00fcn olurlar. K\u0131z \u00e7ocuklar Babalar\u0131na asl\u0131nda a\u015f\u0131k olurlar ve [&hellip;]<\/p>\n","protected":false},"author":1,"featured_media":0,"parent":0,"menu_order":0,"comment_status":"closed","ping_status":"closed","template":"","meta":{"footnotes":""},"class_list":["post-268","page","type-page","status-publish","hentry"],"_links":{"self":[{"href":"https:\/\/www.asuatun.com\/index.php\/wp-json\/wp\/v2\/pages\/268","targetHints":{"allow":["GET"]}}],"collection":[{"href":"https:\/\/www.asuatun.com\/index.php\/wp-json\/wp\/v2\/pages"}],"about":[{"href":"https:\/\/www.asuatun.com\/index.php\/wp-json\/wp\/v2\/types\/page"}],"author":[{"embeddable":true,"href":"https:\/\/www.asuatun.com\/index.php\/wp-json\/wp\/v2\/users\/1"}],"replies":[{"embeddable":true,"href":"https:\/\/www.asuatun.com\/index.php\/wp-json\/wp\/v2\/comments?post=268"}],"version-history":[{"count":2,"href":"https:\/\/www.asuatun.com\/index.php\/wp-json\/wp\/v2\/pages\/268\/revisions"}],"predecessor-version":[{"id":322,"href":"https:\/\/www.asuatun.com\/index.php\/wp-json\/wp\/v2\/pages\/268\/revisions\/322"}],"wp:attachment":[{"href":"https:\/\/www.asuatun.com\/index.php\/wp-json\/wp\/v2\/media?parent=268"}],"curies":[{"name":"wp","href":"https:\/\/api.w.org\/{rel}","templated":true}]}}