{"id":248,"date":"2023-02-18T15:59:29","date_gmt":"2023-02-18T12:59:29","guid":{"rendered":"http:\/\/www.asuatun.com\/?page_id=248"},"modified":"2023-02-19T19:59:06","modified_gmt":"2023-02-19T16:59:06","slug":"iliskilerde-azla-yetinmek","status":"publish","type":"page","link":"https:\/\/www.asuatun.com\/index.php\/iliskilerde-azla-yetinmek\/","title":{"rendered":"<strong>\u0130li\u015fkilerde azla yetinmek<\/strong>"},"content":{"rendered":"\n<p class=\"has-text-align-right has-x-large-font-size\"><a href=\"https:\/\/www.asuatun.com\/index.php\/yazilar\/\" data-type=\"URL\" data-id=\"https:\/\/www.asuatun.com\/index.php\/yazilar\/\">\u2190<\/a><\/p>\n\n\n\n<p>\u0130kili, duygusal ili\u015fkiler g\u00fcn\u00fcm\u00fcz\u00fcn en b\u00fcy\u00fck g\u00fcndemlerinden bir tanesidir. Hatta bence ki\u015finin sa\u011fl\u0131\u011f\u0131ndan sonra dikkat etti\u011fi yeg\u00e2ne konulardan bir tanesidir.<\/p>\n\n\n\n<p>Gerek kad\u0131n gerekse erkek olsun ki\u015filer k\u00fc\u00e7\u00fck ya\u015flarda ebeveynleri taraf\u0131ndan g\u00fczel bir \u015fekilde sevilmezlerse, kendilerini de\u011ferli, k\u0131ymetli ve \u201cistenilen\u201d ki\u015filer olarak hissettirilmezlerse, ileriki ya\u015famlar\u0131nda ikili ili\u015fkilerde sorun ya\u015famalar\u0131 olas\u0131d\u0131r.<\/p>\n\n\n\n<p>B\u00fcy\u00fck resme bakacak olursak, hi\u00e7bir insan\u0131 ve olay\u0131 ya\u015fant\u0131m\u0131za rast gele \u00e7ekti\u011fimiz olas\u0131l\u0131\u011f\u0131na inanmayan bir ki\u015fi olarak, ya\u015fad\u0131\u011f\u0131m\u0131z her an\u0131n ve duygunun ve bunlara ba\u011fl\u0131 ortaya \u00e7\u0131kan her olay\u0131n tamam\u0131yla olmas\u0131 gerekti\u011fi gibi ger\u00e7ekle\u015fti\u011fini ve hepsinin asl\u0131nda birer ya\u015fam dersinden \u00f6teye gitmedi\u011fini belirtmek isterim. Yani hayatta hi\u00e7 bir \u015fey tesad\u00fcfen ya\u015fanmaz, yolunuzun kesi\u015fti\u011fi her insan sizin enerjinizden dolay\u0131 ya\u015fam\u0131n\u0131zdad\u0131r.<\/p>\n\n\n\n<p>Kar\u015f\u0131la\u015ft\u0131\u011f\u0131n\u0131z ve ho\u015fland\u0131\u011f\u0131n\u0131z her insan asl\u0131nda size bir de\u011fer katmak i\u00e7in hayat\u0131n\u0131zdan ge\u00e7mektedir. Kimileri olduk\u00e7a kal\u0131c\u0131 olur, kimileri ise size katacak konusu bitti\u011fi zaman istemsiz bir \u015fekilde hayat\u0131n\u0131zdan \u00e7\u0131kar ve gider. Bir grup daha vard\u0131r ki hayat\u0131n\u0131zdaki rollerini tamamlam\u0131\u015flard\u0131r ve siz bu insanlara kar\u015f\u0131 ba\u011f\u0131ml\u0131l\u0131k yarat\u0131p gitmelerine izin vermezseniz. Yani ak\u0131\u015f\u0131n tersine do\u011fru y\u00fczmeye ba\u015flars\u0131n\u0131z. Hem enerjiniz t\u00fckenir hem de bir ad\u0131m ileriye gidemezseniz. \u0130\u015fte tam da bu noktada hikayemiz ba\u015fl\u0131yor.<\/p>\n\n\n\n<p>Kar\u015f\u0131 taraf\u0131n sizi g\u00fcnlerce aramamas\u0131na ra\u011fmen, aniden aray\u0131p ilgi g\u00f6stermesi sizi heyecanland\u0131r\u0131r, onun \u201cilgisini\u201d \u00e7ekmek sizi kendinize \u00e7ok iyi hissettirir. Ko\u015fa ko\u015fa hemen onu g\u00f6rmeye gitmek istersiniz. Sanki g\u00fcnlerce sizi hi\u00e7 aramayan o de\u011filmi\u015f gibi, ortada konu yokken kavga \u00e7\u0131kart\u0131p sizden uzakla\u015fmam\u0131\u015f gibi..<\/p>\n\n\n\n<p>O size bu olumsuz duygular\u0131 ya\u015fat\u0131p sonras\u0131nda hayat\u0131na b\u0131rakt\u0131\u011f\u0131 yerden devam ederken, belki de sizinle ileti\u015fim kurmad\u0131\u011f\u0131 zamanlarda ba\u015fkalar\u0131yla k\u00fc\u00e7\u00fck k\u00fc\u00e7\u00fck fl\u00f6rtle\u015firken, siz ise oturup nerde hata yapt\u0131\u011f\u0131n\u0131z\u0131 d\u00fc\u015f\u00fcn\u00fcrs\u00fcn\u00fcz ve bu da size kendinizi \u00e7ok k\u00fc\u00e7\u00fck ya\u015flarda oldu\u011fu gibi de\u011fersiz, k\u0131ymeti olmayan ve istenilmeyen ki\u015fi olarak hissettirir. \u00c7ok k\u00fc\u00e7\u00fck ya\u015flarda geli\u015ftirmi\u015f oldu\u011funuz bu travma size olduk\u00e7a tan\u0131d\u0131k geldi\u011fi i\u00e7in ne kadar da negatif olursa olsun tan\u0131d\u0131k duygular\u0131 hissetmek sizi k\u00f6t\u00fc anlamda rahatlat\u0131r. Evet su\u00e7lu bulunmu\u015ftur. Siz su\u00e7lusunuzdur ve o hakl\u0131d\u0131r. \u00c7\u00fcnk\u00fc size her zaman su\u00e7lu oldu\u011funuz \u00f6\u011fretilmi\u015ftir. Yaln\u0131z ve ilgisiz b\u0131rak\u0131larak cezaland\u0131r\u0131lmay\u0131 yad\u0131rgamazs\u0131n\u0131z \u00e7\u00fcnk\u00fc zaten k\u00fc\u00e7\u00fck siz bu duygulara \u00e7ok a\u015finad\u0131r.<\/p>\n\n\n\n<p>Hal b\u00f6yle iken, kar\u015f\u0131 taraf\u0131n size en k\u00fc\u00e7\u00fck bir ilgi g\u00f6stermesi size yeter de artar bile. Her t\u00fcrl\u00fc sayg\u0131s\u0131zl\u0131\u011f\u0131na boyun e\u011fmeye ba\u015flars\u0131n\u0131z, \u00e7\u00fcnk\u00fc en temelde de\u011ferli oldu\u011funuzu hi\u00e7 \u00f6\u011frenmemi\u015fsinizdir. \u00d6\u011frenmedi\u011finiz bir duyguyu da ya\u015fam\u0131n\u0131za ge\u00e7irmenizi haliyle sizden bekleyemeyiz.<\/p>\n\n\n\n<p>Zaman zaman kar\u015f\u0131n\u0131za \u00e7ok d\u00fczg\u00fcn, size uygun insanlar da \u00e7\u0131kar. Ancak bu ki\u015fileri, bilin\u00e7alt\u0131n\u0131z sizden \u00fcst\u00fcn g\u00f6rd\u00fc\u011f\u00fc i\u00e7in onlardan uzakla\u015f\u0131rs\u0131n\u0131z, so\u011fumak i\u00e7in onlarda kusur arar ve bulursunuz da. Halbuki belki de i\u015fte bu ki\u015filer sizin birlikte olman\u0131z gereken insanlard\u0131r. Sizi ehlile\u015ftirecek, ruhunuzda kopan f\u0131rt\u0131nalar\u0131 dindirecek ve size sadece sevgi vereceklerdir.<\/p>\n\n\n\n<p>Azla yetinmek yerine asl\u0131nda ne kadar de\u011ferli ve yeterli oldu\u011fumuzu hissetmek i\u00e7in kendimizi oldu\u011fumuz gibi kabul etmek bizi \u015fifaland\u0131rabilir. Kendi kendinizi yarg\u0131lamadan, ele\u015ftirmeden sevmek ve oldu\u011fu gibi kabul etmek en iyi ruhsal k\u00fcrd\u00fcr asl\u0131nda.<\/p>\n\n\n\n<p>Bir de bu d\u00fcnyada bulunmay\u0131 kesinlikle hak etti\u011finizi bilerek, do\u011farken birlikte getirdi\u011finiz hak edici niteliklere sahip \u00e7\u0131karak kendi de\u011fersizlik ve yetersizlik duygular\u0131n\u0131zdan ar\u0131nabilirsiniz.<\/p>\n\n\n\n<p>L\u00fctfen azla yetinmeyelim ve hak etti\u011fimiz g\u00fczel bir ili\u015fkiye sahip \u00e7\u0131kal\u0131m. Sevgiyle kal\u0131n.&nbsp;<\/p>\n","protected":false},"excerpt":{"rendered":"<p>\u2190 \u0130kili, duygusal ili\u015fkiler g\u00fcn\u00fcm\u00fcz\u00fcn en b\u00fcy\u00fck g\u00fcndemlerinden bir tanesidir. Hatta bence ki\u015finin sa\u011fl\u0131\u011f\u0131ndan sonra dikkat etti\u011fi yeg\u00e2ne konulardan bir tanesidir. Gerek kad\u0131n gerekse erkek olsun ki\u015filer k\u00fc\u00e7\u00fck ya\u015flarda ebeveynleri taraf\u0131ndan g\u00fczel bir \u015fekilde sevilmezlerse, kendilerini de\u011ferli, k\u0131ymetli ve \u201cistenilen\u201d ki\u015filer olarak hissettirilmezlerse, ileriki ya\u015famlar\u0131nda ikili ili\u015fkilerde sorun ya\u015famalar\u0131 olas\u0131d\u0131r. B\u00fcy\u00fck resme bakacak olursak, hi\u00e7bir [&hellip;]<\/p>\n","protected":false},"author":1,"featured_media":0,"parent":0,"menu_order":0,"comment_status":"closed","ping_status":"closed","template":"","meta":{"footnotes":""},"class_list":["post-248","page","type-page","status-publish","hentry"],"_links":{"self":[{"href":"https:\/\/www.asuatun.com\/index.php\/wp-json\/wp\/v2\/pages\/248","targetHints":{"allow":["GET"]}}],"collection":[{"href":"https:\/\/www.asuatun.com\/index.php\/wp-json\/wp\/v2\/pages"}],"about":[{"href":"https:\/\/www.asuatun.com\/index.php\/wp-json\/wp\/v2\/types\/page"}],"author":[{"embeddable":true,"href":"https:\/\/www.asuatun.com\/index.php\/wp-json\/wp\/v2\/users\/1"}],"replies":[{"embeddable":true,"href":"https:\/\/www.asuatun.com\/index.php\/wp-json\/wp\/v2\/comments?post=248"}],"version-history":[{"count":6,"href":"https:\/\/www.asuatun.com\/index.php\/wp-json\/wp\/v2\/pages\/248\/revisions"}],"predecessor-version":[{"id":313,"href":"https:\/\/www.asuatun.com\/index.php\/wp-json\/wp\/v2\/pages\/248\/revisions\/313"}],"wp:attachment":[{"href":"https:\/\/www.asuatun.com\/index.php\/wp-json\/wp\/v2\/media?parent=248"}],"curies":[{"name":"wp","href":"https:\/\/api.w.org\/{rel}","templated":true}]}}