{"id":245,"date":"2023-02-18T15:58:08","date_gmt":"2023-02-18T12:58:08","guid":{"rendered":"http:\/\/www.asuatun.com\/?page_id=245"},"modified":"2023-02-19T20:00:20","modified_gmt":"2023-02-19T17:00:20","slug":"baba-sevgisi-yoksa","status":"publish","type":"page","link":"https:\/\/www.asuatun.com\/index.php\/baba-sevgisi-yoksa\/","title":{"rendered":"Baba sevgisi yoksa;"},"content":{"rendered":"\n<p class=\"has-text-align-right has-x-large-font-size\"><a href=\"https:\/\/www.asuatun.com\/index.php\/yazilar\/\" data-type=\"URL\" data-id=\"https:\/\/www.asuatun.com\/index.php\/yazilar\/\">\u2190<\/a><\/p>\n\n\n\n<p>Kendimizin fark\u0131na varmak, eski ya\u015fanm\u0131\u015fl\u0131klar\u0131 hat\u0131rlamak \u00e7ok k\u00fc\u00e7\u00fck ya\u015flara kadar uzanabiliyor. Ki\u015filerin, 2 ya\u015f\u0131ndan itibaren ya\u015fad\u0131klar\u0131n\u0131 hat\u0131rlad\u0131klar\u0131 tespit edilmi\u015ftir (Bauer &amp; Larkina, 2014). K\u00fc\u00e7\u00fck ya\u015flarda her hareketi ele\u015ftirilen, talepleri s\u00fcrekli olarak ertelenen, \u201csessiz durursan sana istedi\u011fin oyunca\u011f\u0131 al\u0131r\u0131m\u201d gibi ko\u015fullu sevgiyle yeti\u015ftirilen \u00f6zellikle k\u0131z \u00e7ocuklar\u0131 ilerde nas\u0131l birer gen\u00e7 k\u0131z oluyorlar? \u00c7ok k\u00fc\u00e7\u00fck ya\u015flardan itibaren Babalar\u0131 taraf\u0131ndan ele\u015ftirilen, sevgisiz b\u0131rak\u0131lan bu k\u0131zlar sadece Anneden gelen sevgiyle nereye kadar mutlu olabiliyorlar? &nbsp;&nbsp;<\/p>\n\n\n\n<p>Partnerinizle tan\u0131\u015ft\u0131n\u0131z, birbirinizi \u00e7ok sevdiniz ve evlenme karar\u0131 ald\u0131n\u0131z. Siz daha birbirinizle ya\u015famaya al\u0131\u015fmadan hamile kald\u0131\u011f\u0131n\u0131z\u0131 \u00f6\u011frendiniz. E\u015finiz bebe\u011fin geli\u015fine \u00e7ok sevindi ve dokuz ay sonra bebe\u011finizi kuca\u011f\u0131n\u0131za ald\u0131n\u0131z. Siz daha bebe\u011fe nas\u0131l bak\u0131laca\u011f\u0131n\u0131 tam olarak \u00e7\u00f6zemezken e\u015finiz sizi, onu olduk\u00e7a ilgisiz ve yaln\u0131z b\u0131rakt\u0131\u011f\u0131n\u0131z gerek\u00e7eleriyle su\u00e7lamaya ba\u015flad\u0131. Asl\u0131nda \u00e7ok sevip de evlenmi\u015f oldu\u011funuz ki\u015fi bu d\u00fcnyada Baba olmas\u0131 gereken son ki\u015fiydi \u00e7\u00fcnk\u00fc \u00e7ok k\u00f6t\u00fc bir \u00e7ocukluk ge\u00e7irmi\u015fti ve kendi de dahil olmak \u00fczere kimseyi sevmeyi bilmiyordu. Bebek b\u00fcy\u00fcd\u00fck\u00e7e e\u015finiz \u00e7ocu\u011fa \u00f6ncelik verdi\u011finizi, kendisini ilgisiz b\u0131rakt\u0131\u011f\u0131n\u0131z\u0131 \u00f6ne s\u00fcrerek s\u00fcrekli olarak huzursuzluk \u00e7\u0131kard\u0131. Bu da yetmedi, bu d\u00fcnyaya yeni gelen ve hi\u00e7bir \u015feyden haberi olmayan minicik bebe\u011fe a\u011fl\u0131yor diye, yaramazl\u0131k yap\u0131yor diye k\u0131zmaya ba\u015flad\u0131. \u00c7\u00fcnk\u00fc kendisinin ilgisiz b\u0131rak\u0131lmas\u0131n\u0131n sebebi bu k\u00fc\u00e7\u00fcc\u00fck bebekti, s\u00fcrekli olarak su\u00e7lanarak yeti\u015ftirildi\u011fi i\u00e7in her \u015feyin bir su\u00e7lusu oldu\u011funu ta k\u00fc\u00e7\u00fck ya\u015flardan itibaren \u00f6\u011frenmi\u015fti. Ve ikinci bebek de d\u00fcnyaya geldi, minicik bir k\u0131z. Anne \u00e7ok mutlu olurken Baba pek de mutlu olmad\u0131 asl\u0131nda. Kendisinin almas\u0131 gereken ilgi daha da azalacakt\u0131. K\u0131z bebek Baban\u0131n ilgisine, sevgisine ihtiya\u00e7 duyarken kendi sevgi depolar\u0131 bo\u015f olan Baba, k\u0131z \u00e7ocu\u011funun sevgi talebi bir tarafa, bu k\u0131z\u0131n kendisine sevgisini g\u00f6stermesinden, d\u00fc\u015fk\u00fcn olmas\u0131ndan bile rahats\u0131zd\u0131. Netice itibariyle anne elinden geldi\u011fi kadar iki \u00e7ocu\u011funu da tek ba\u015f\u0131na olsa bile yeti\u015ftirmeyi ba\u015fard\u0131. Erkek \u00e7ocuk zaten anneye d\u00fc\u015fk\u00fcn oldu\u011fu i\u00e7in \u00e7ok daha az hasar alarak yeti\u015fkinli\u011fe ge\u00e7meyi ba\u015fard\u0131. Peki ya k\u0131z \u00e7ocu\u011fu? Dokunulmadan, sar\u0131l\u0131p sarmalanmadan, herhangi bir sevgi belirtisi g\u00f6sterilmeden b\u00fcy\u00fcyen bu k\u0131z, yeti\u015fkinli\u011finde sizce ikili ili\u015fkilerini nas\u0131l y\u00f6netebilecekti? &nbsp;&nbsp;<\/p>\n\n\n\n<p>Kendisinden fiziksel olarak ho\u015flanan her erke\u011fin ilgisini ger\u00e7ek sevgiyle kar\u0131\u015ft\u0131rarak sayg\u0131 g\u00f6rmedi\u011fi halde s\u0131rf k\u00fc\u00e7\u00fcc\u00fck de olsa sevgi alabilmek ad\u0131na kendini yorup \u00fczecekti. Bilin\u00e7alt\u0131nda yarat\u0131lan baba fig\u00fcr\u00fcn\u00fcn yerini doldurdu\u011fu i\u00e7in, kendinden ya\u015f\u00e7a \u00e7ok b\u00fcy\u00fck erkekler olduk\u00e7a ilgisini \u00e7ekecekti. Bu tarz bir ili\u015fki de arada nesil fark\u0131 olmas\u0131ndan dolay\u0131 olduk\u00e7a zor y\u00fcr\u00fcyecekti. K\u0131z gezmek, adam ise evde yat\u0131p dinlenmek isteyecekti \u00e7\u00fcnk\u00fc 20 y\u0131l \u00f6nce k\u0131z\u0131n \u015fimdiki taleplerini zaten doya doya ya\u015fam\u0131\u015ft\u0131. K\u0131z\u0131n gen\u00e7li\u011fine a\u015f\u0131k olan adam bu ili\u015fkiyi s\u00fcrd\u00fcrebilirdi ama k\u0131z istedi\u011fi ilgiyi ve sevgiyi tam anlam\u0131yla bulamayaca\u011f\u0131 i\u00e7in ili\u015fki i\u00e7erisinde s\u0131k\u0131\u015f\u0131p kalabilecekti. E\u011fer farkl\u0131 ili\u015fkiler kurabilirse kendisine az sevgi g\u00f6steren, sadece ho\u015flanan insanlar\u0131n bile ilgisini ve sevgisini ger\u00e7ek zannedip kendinden \u00e7ok fazla verebilecekti. Bu erkekler asl\u0131nda, hep en g\u00fcvenilmeyen insanlar olacakt\u0131. Bu da \u015f\u00fcphesiz tesad\u00fcf olmayacakt\u0131. Neden? \u00c7\u00fcnk\u00fc babas\u0131n\u0131n sevgisine g\u00fcvenerek b\u00fcy\u00fcyememi\u015fti. Babas\u0131n\u0131n sevgisi bir vard\u0131 bir yoktu. \u00c7ok nadir de olsa sevgisini belli ediyor sonra bir bahane bulup kendi \u00f6z k\u0131z\u0131n\u0131n kalbini pervas\u0131zca k\u0131rabiliyordu. Bu k\u00fc\u00e7\u00fck k\u0131z yeti\u015fkinli\u011finde her erkekte babas\u0131ndan alamad\u0131\u011f\u0131 sevgiyi arayacak, bulamad\u0131\u011f\u0131 yerlerde bile s\u0131rf k\u00fc\u00e7\u00fcc\u00fck bir sevgi \u00e7\u0131kar m\u0131 diye ili\u015fki i\u00e7erisinde tek tarafl\u0131 olarak beklemeye devam edecekti. Eminim bu ger\u00e7ek hikaye pek \u00e7ocu\u011funuza olduk\u00e7a yak\u0131n gelmi\u015ftir. Ki\u015finin kendi kendini tan\u0131mas\u0131yla, neyi neden ya\u015fad\u0131\u011f\u0131n\u0131 ke\u015ffetmesiyle ikili ili\u015fkilerini yoluna sokmas\u0131 hi\u00e7 de zor de\u011fil. Kendi kendimizi tan\u0131ma s\u00fcreci evet olduk\u00e7a me\u015fakkatli ve bir o kadar da k\u0131ymetli. Neyi seviyoruz, neyi sevmiyoruz, sevgiyi g\u00f6sterme \u015feklimiz, hobilerimiz. Hepsi ayr\u0131 ayr\u0131 \u00f6nemli. L\u00fctfen her zaman hat\u0131rlay\u0131n, \u201cyaln\u0131z de\u011filsiniz\u201d. Sevgiyle kal\u0131n.<\/p>\n","protected":false},"excerpt":{"rendered":"<p>\u2190 Kendimizin fark\u0131na varmak, eski ya\u015fanm\u0131\u015fl\u0131klar\u0131 hat\u0131rlamak \u00e7ok k\u00fc\u00e7\u00fck ya\u015flara kadar uzanabiliyor. Ki\u015filerin, 2 ya\u015f\u0131ndan itibaren ya\u015fad\u0131klar\u0131n\u0131 hat\u0131rlad\u0131klar\u0131 tespit edilmi\u015ftir (Bauer &amp; Larkina, 2014). K\u00fc\u00e7\u00fck ya\u015flarda her hareketi ele\u015ftirilen, talepleri s\u00fcrekli olarak ertelenen, \u201csessiz durursan sana istedi\u011fin oyunca\u011f\u0131 al\u0131r\u0131m\u201d gibi ko\u015fullu sevgiyle yeti\u015ftirilen \u00f6zellikle k\u0131z \u00e7ocuklar\u0131 ilerde nas\u0131l birer gen\u00e7 k\u0131z oluyorlar? \u00c7ok k\u00fc\u00e7\u00fck ya\u015flardan [&hellip;]<\/p>\n","protected":false},"author":1,"featured_media":0,"parent":0,"menu_order":0,"comment_status":"closed","ping_status":"closed","template":"","meta":{"footnotes":""},"class_list":["post-245","page","type-page","status-publish","hentry"],"_links":{"self":[{"href":"https:\/\/www.asuatun.com\/index.php\/wp-json\/wp\/v2\/pages\/245","targetHints":{"allow":["GET"]}}],"collection":[{"href":"https:\/\/www.asuatun.com\/index.php\/wp-json\/wp\/v2\/pages"}],"about":[{"href":"https:\/\/www.asuatun.com\/index.php\/wp-json\/wp\/v2\/types\/page"}],"author":[{"embeddable":true,"href":"https:\/\/www.asuatun.com\/index.php\/wp-json\/wp\/v2\/users\/1"}],"replies":[{"embeddable":true,"href":"https:\/\/www.asuatun.com\/index.php\/wp-json\/wp\/v2\/comments?post=245"}],"version-history":[{"count":4,"href":"https:\/\/www.asuatun.com\/index.php\/wp-json\/wp\/v2\/pages\/245\/revisions"}],"predecessor-version":[{"id":314,"href":"https:\/\/www.asuatun.com\/index.php\/wp-json\/wp\/v2\/pages\/245\/revisions\/314"}],"wp:attachment":[{"href":"https:\/\/www.asuatun.com\/index.php\/wp-json\/wp\/v2\/media?parent=245"}],"curies":[{"name":"wp","href":"https:\/\/api.w.org\/{rel}","templated":true}]}}