{"id":242,"date":"2023-02-18T15:56:29","date_gmt":"2023-02-18T12:56:29","guid":{"rendered":"http:\/\/www.asuatun.com\/?page_id=242"},"modified":"2023-02-19T20:01:21","modified_gmt":"2023-02-19T17:01:21","slug":"insanlarin-zaaflarini-kesfedip-onlarla-oynayanlar","status":"publish","type":"page","link":"https:\/\/www.asuatun.com\/index.php\/insanlarin-zaaflarini-kesfedip-onlarla-oynayanlar\/","title":{"rendered":"\u0130nsanlar\u0131n zaaflar\u0131n\u0131 ke\u015ffedip onlarla oynayanlar."},"content":{"rendered":"\n<p class=\"has-text-align-right has-x-large-font-size\"><a href=\"https:\/\/www.asuatun.com\/index.php\/yazilar\/\" data-type=\"URL\" data-id=\"https:\/\/www.asuatun.com\/index.php\/yazilar\/\">\u2190<\/a><\/p>\n\n\n\n<p>Kendilerini i\u00e7ten i\u00e7e de\u011fersiz ve g\u00fc\u00e7s\u00fcz hissedenler, daha \u00f6nceki postta belirtti\u011fim gibi etraflar\u0131n\u0131, kendilerini \u00f6ven, alk\u0131\u015flayan ki\u015filerle doldururlar. \u0130\u015fte bu s\u00fcrekli olarak gaz veren kitle. Peki bu tarz insanlar neden bilerek ve isteyerek b\u00f6yle davran\u0131rlar?<\/p>\n","protected":false},"excerpt":{"rendered":"<p>\u2190 Kendilerini i\u00e7ten i\u00e7e de\u011fersiz ve g\u00fc\u00e7s\u00fcz hissedenler, daha \u00f6nceki postta belirtti\u011fim gibi etraflar\u0131n\u0131, kendilerini \u00f6ven, alk\u0131\u015flayan ki\u015filerle doldururlar. \u0130\u015fte bu s\u00fcrekli olarak gaz veren kitle. Peki bu tarz insanlar neden bilerek ve isteyerek b\u00f6yle davran\u0131rlar?<\/p>\n","protected":false},"author":1,"featured_media":0,"parent":0,"menu_order":0,"comment_status":"closed","ping_status":"closed","template":"","meta":{"footnotes":""},"class_list":["post-242","page","type-page","status-publish","hentry"],"_links":{"self":[{"href":"https:\/\/www.asuatun.com\/index.php\/wp-json\/wp\/v2\/pages\/242","targetHints":{"allow":["GET"]}}],"collection":[{"href":"https:\/\/www.asuatun.com\/index.php\/wp-json\/wp\/v2\/pages"}],"about":[{"href":"https:\/\/www.asuatun.com\/index.php\/wp-json\/wp\/v2\/types\/page"}],"author":[{"embeddable":true,"href":"https:\/\/www.asuatun.com\/index.php\/wp-json\/wp\/v2\/users\/1"}],"replies":[{"embeddable":true,"href":"https:\/\/www.asuatun.com\/index.php\/wp-json\/wp\/v2\/comments?post=242"}],"version-history":[{"count":4,"href":"https:\/\/www.asuatun.com\/index.php\/wp-json\/wp\/v2\/pages\/242\/revisions"}],"predecessor-version":[{"id":318,"href":"https:\/\/www.asuatun.com\/index.php\/wp-json\/wp\/v2\/pages\/242\/revisions\/318"}],"wp:attachment":[{"href":"https:\/\/www.asuatun.com\/index.php\/wp-json\/wp\/v2\/media?parent=242"}],"curies":[{"name":"wp","href":"https:\/\/api.w.org\/{rel}","templated":true}]}}