{"id":239,"date":"2023-02-18T15:52:28","date_gmt":"2023-02-18T12:52:28","guid":{"rendered":"http:\/\/www.asuatun.com\/?page_id=239"},"modified":"2023-02-19T20:02:12","modified_gmt":"2023-02-19T17:02:12","slug":"kosulsuz-sevelim-kendimizi-mi-kimi","status":"publish","type":"page","link":"https:\/\/www.asuatun.com\/index.php\/kosulsuz-sevelim-kendimizi-mi-kimi\/","title":{"rendered":"Ko\u015fulsuz Sevelim. Kendimizi mi? Kimi?"},"content":{"rendered":"\n<p class=\"has-text-align-right has-x-large-font-size\"><a href=\"https:\/\/www.asuatun.com\/index.php\/yazilar\/\" data-type=\"URL\" data-id=\"https:\/\/www.asuatun.com\/index.php\/yazilar\/\">\u2190<\/a><\/p>\n\n\n\n<p>Bu soruyu ben dahil bug\u00fcne kadar bir\u00e7o\u011fumuz kar\u015f\u0131 taraf i\u00e7in d\u00fc\u015f\u00fcnm\u00fc\u015f\u00fczd\u00fcr. \u0130ster sevgilimiz ister e\u015fimiz, anne-babam\u0131z, karde\u015flerimiz, yan\u0131m\u0131zdaki her kimse onu ko\u015fulsuz sevmemiz gerekti\u011fini d\u00fc\u015f\u00fcnd\u00fck durduk. \u00d6zellikle kar\u015f\u0131 tarafla sorun ya\u015fad\u0131\u011f\u0131m\u0131z ve kopmak istemedi\u011fimiz zamanlarda ko\u015fulsuz sevme duygusunu daha da derinden ya\u015fad\u0131k. Ve bu hep kar\u015f\u0131 taraf\u0131 ko\u015fulsuz sevmekle ilgili oldu. &nbsp;<\/p>\n\n\n\n<p>Peki ya kendi kendimizi ko\u015fulsuz ne kadar sevebildik? Bilerek veya bilmeyerek hatalar yapt\u0131\u011f\u0131m\u0131zda, s\u00f6ylenmemesi gereken c\u00fcmleler sarf etti\u011fimizde veya kar\u015f\u0131 tarafa \u00e7ok k\u0131r\u0131l\u0131p bir ili\u015fkiyi terk etti\u011fimizde kendimizi tamam\u0131yla ko\u015fulsuz sevebildik mi? Kendimizi bunlar\u0131 yaparken hakl\u0131 g\u00f6rebildik mi?<\/p>\n\n\n\n<p>\u00c7o\u011fu zaman kendi kendini sevmek ile kendi kendini egosal boyutta be\u011fenmeyi ve kibri birbirine kar\u0131\u015ft\u0131rabiliyoruz. Kendi kendini ko\u015fulsuz sevmek asl\u0131nda ki\u015finin kendisini b\u00fct\u00fcn hatalar\u0131na ra\u011fmen sevmesidir, anlay\u0131\u015f g\u00f6stermesidir ve oldu\u011fu gibi kabul etmesidir. Kendimizi cezaland\u0131rmak yerine yapm\u0131\u015f oldu\u011fumuz hatadan ders \u00e7\u0131kar\u0131p bu istenmeyen durumu tekrarlamamakt\u0131r. E\u011fer geriye d\u00f6n\u00fclmez bir yanl\u0131\u015f yapm\u0131\u015fsak, \u201cben de insan\u0131m hata yapabilirim\u201d diyebilmektir. \u00c7o\u011fumuz maalesef kendi kendimizi ko\u015fulsuz sevmeyi bilmiyoruz. Halbuki en iyi arkada\u015f\u0131m\u0131z ve bizi hi\u00e7bir zaman terk etmeyecek sadece kendimiziz. Hal b\u00f6yle iken b\u0131rak\u0131n kendimizi sevmeyi, kendimizi tan\u0131maktan dahi imtina ediyoruz. Nelerden keyif al\u0131r\u0131z, hobilerimiz nelerdir? Bo\u015f vakitlerimizde ne yapmaktan ho\u015flan\u0131r\u0131z? A\u00e7\u0131k hava insan\u0131 m\u0131y\u0131z yoksa daha \u00e7ok evde kalmaktan ho\u015flananlardan m\u0131y\u0131z? Ve en \u00f6nemlisi de nelerden ho\u015fland\u0131\u011f\u0131m\u0131z\u0131 rahatl\u0131kla dile getirebiliyor muyuz? A\u00e7\u0131k havada y\u00fcr\u00fcmekten keyif alm\u0131yorsunuzdur ve bunu s\u0131rf arkada\u015f\u0131n\u0131z istedi diye i\u00e7inizden gelmese dahi yapmak zorunda kal\u0131yorsunuzdur. G\u00fcn\u00fcn sonunda ise kendinize her seferinde \u201cneden sevmedi\u011fimi dile getirmiyorum\u201d diye k\u0131zarken buluyorsunuzdur. \u00d6zellikle hangi davran\u0131\u015flar\u0131n size yap\u0131lmas\u0131n\u0131 istemedi\u011finizi bilmek ve dile getirmek, bu \u015fekilde kendinize sayg\u0131 g\u00f6stermeyi \u00f6\u011frenmek ve sonu\u00e7 itibariyle kendinizi oldu\u011fu gibi kabul edip sevebilmek. Bize k\u00fc\u00e7\u00fckken genelde kendimizi sevmek \u00f6\u011fretilmedi\u011fi i\u00e7in bunu \u00e7ok\u00e7a pratik yaparak \u00f6\u011frenmemiz gerekiyor. Uzun ve me\u015fakkatli bir yol ve emin olun denemeye de\u011fer. Her zaman sevgiyle kal\u0131n.<\/p>\n","protected":false},"excerpt":{"rendered":"<p>\u2190 Bu soruyu ben dahil bug\u00fcne kadar bir\u00e7o\u011fumuz kar\u015f\u0131 taraf i\u00e7in d\u00fc\u015f\u00fcnm\u00fc\u015f\u00fczd\u00fcr. \u0130ster sevgilimiz ister e\u015fimiz, anne-babam\u0131z, karde\u015flerimiz, yan\u0131m\u0131zdaki her kimse onu ko\u015fulsuz sevmemiz gerekti\u011fini d\u00fc\u015f\u00fcnd\u00fck durduk. \u00d6zellikle kar\u015f\u0131 tarafla sorun ya\u015fad\u0131\u011f\u0131m\u0131z ve kopmak istemedi\u011fimiz zamanlarda ko\u015fulsuz sevme duygusunu daha da derinden ya\u015fad\u0131k. Ve bu hep kar\u015f\u0131 taraf\u0131 ko\u015fulsuz sevmekle ilgili oldu. &nbsp; Peki ya [&hellip;]<\/p>\n","protected":false},"author":1,"featured_media":0,"parent":0,"menu_order":0,"comment_status":"closed","ping_status":"closed","template":"","meta":{"footnotes":""},"class_list":["post-239","page","type-page","status-publish","hentry"],"_links":{"self":[{"href":"https:\/\/www.asuatun.com\/index.php\/wp-json\/wp\/v2\/pages\/239","targetHints":{"allow":["GET"]}}],"collection":[{"href":"https:\/\/www.asuatun.com\/index.php\/wp-json\/wp\/v2\/pages"}],"about":[{"href":"https:\/\/www.asuatun.com\/index.php\/wp-json\/wp\/v2\/types\/page"}],"author":[{"embeddable":true,"href":"https:\/\/www.asuatun.com\/index.php\/wp-json\/wp\/v2\/users\/1"}],"replies":[{"embeddable":true,"href":"https:\/\/www.asuatun.com\/index.php\/wp-json\/wp\/v2\/comments?post=239"}],"version-history":[{"count":4,"href":"https:\/\/www.asuatun.com\/index.php\/wp-json\/wp\/v2\/pages\/239\/revisions"}],"predecessor-version":[{"id":321,"href":"https:\/\/www.asuatun.com\/index.php\/wp-json\/wp\/v2\/pages\/239\/revisions\/321"}],"wp:attachment":[{"href":"https:\/\/www.asuatun.com\/index.php\/wp-json\/wp\/v2\/media?parent=239"}],"curies":[{"name":"wp","href":"https:\/\/api.w.org\/{rel}","templated":true}]}}