{"id":234,"date":"2023-02-18T15:48:50","date_gmt":"2023-02-18T12:48:50","guid":{"rendered":"http:\/\/www.asuatun.com\/?page_id=234"},"modified":"2023-02-19T20:01:49","modified_gmt":"2023-02-19T17:01:49","slug":"kiymet","status":"publish","type":"page","link":"https:\/\/www.asuatun.com\/index.php\/kiymet\/","title":{"rendered":"K\u0131ymet"},"content":{"rendered":"\n<p class=\"has-text-align-right has-x-large-font-size\"><a href=\"https:\/\/www.asuatun.com\/index.php\/yazilar\/\" data-type=\"URL\" data-id=\"https:\/\/www.asuatun.com\/index.php\/yazilar\/\">\u2190<\/a><\/p>\n\n\n\n<p>\u201cBeni tan\u0131m\u0131yorsun\u201d dersiniz en k\u0131ymetlinize. Bu ki\u015fi sevdi\u011finiz partneriniz de olabilir, karde\u015finiz de \u00e7ok yak\u0131n bir arkada\u015f\u0131n\u0131z da. \u201cBen seni \u00e7ok iyi tan\u0131yorum\u201d der. Bunu s\u00f6ylerken \u201cne yapmaya \u00e7al\u0131\u015ft\u0131\u011f\u0131n\u0131n gayet iyi fark\u0131nday\u0131m\u201d ifadesi de kullanabilir, bunu hissettirmeye de \u00e7al\u0131\u015fabilir. Y\u0131llar ge\u00e7er, \u00f6yle bir an gelir ki asl\u0131nda sizi ger\u00e7ekten de hi\u00e7 tan\u0131mad\u0131\u011f\u0131n\u0131 fark eder. \u0130lk \u00f6nceleri sizi hep ele\u015ftiren, hep bir hatan\u0131z\u0131 bulan insan aniden varl\u0131\u011f\u0131n\u0131z\u0131 fark eder. Bu s\u00fcre\u00e7leri siz sab\u0131r i\u00e7erisinde izlersiniz ve i\u00e7ten i\u00e7e bir g\u00fcn varl\u0131\u011f\u0131n\u0131z\u0131 fark edece\u011fine inan\u0131rs\u0131n\u0131z. \u0130\u015fte o g\u00fcn geldi\u011fi zaman g\u00f6zleriniz dolar, \u201cbeni tan\u0131m\u0131yorsun\u201d derken ne demek istedi\u011finizi anlad\u0131\u011f\u0131n\u0131 derinden hissedersiniz. Asl\u0131nda siz zaten bu konuyu y\u0131llar \u00f6nce kafan\u0131zda \u00e7\u00f6zm\u00fc\u015f\u00fcn\u00fczd\u00fcr. Sizi neden \u0131srarla fark etmek istemedi\u011finin sizin \u015fahs\u0131n\u0131zla ilgili olmad\u0131\u011f\u0131n\u0131, kendi kendini g\u00fc\u00e7s\u00fcz hissetmekle ilgili oldu\u011funu bilirsiniz. Bu seviyede ya\u015fayan insanlar\u0131n genelde bu d\u00fcnyayla pek de bir ilgileri olmaz. Hatta o kadar bir d\u00fcnyadan kopuk ya\u015farlar ki, zaman dahi onlar i\u00e7in hi\u00e7bir \u015fey ifade etmez. Aniden zaman\u0131n ne kadar da h\u0131zl\u0131 ge\u00e7ti\u011fini fark ederler. \u201cEn son 2020 y\u0131l\u0131ndayd\u0131m, ne zaman 2022 oldu?\u201d diye kendi kendilerine sorduklar\u0131 \u00e7ok olur mesela. D\u00fcnyada tek ge\u00e7erli \u015feyin, gerek insan gerekse ba\u015fka canl\u0131lar, yard\u0131m etmek oldu\u011funa inan\u0131rlar, bunu yapabilmek i\u00e7in kendilerinin de \u00e7ok iyi hissetmeleri ve olmalar\u0131na da. Bu insanlar\u0131 g\u00f6rd\u00fc\u011f\u00fcn\u00fcz zaman ya nefret edersiniz ya da \u00e7ok seversiniz. Enerjinizi ayna gibi yans\u0131t\u0131rlar, iyiyi de k\u00f6t\u00fcy\u00fc de. Enerjiniz d\u00fc\u015f\u00fckse, kendinizi de\u011fersiz hissediyorsan\u0131z, bu tip insanlardan rahats\u0131z olursunuz \u00e7\u00fcnk\u00fc ta\u015f\u0131d\u0131\u011f\u0131n\u0131z enerjiyi size geri verirler. E\u011fer \u00e7ok temiz bir enerji ta\u015f\u0131rlarsa ve o anda d\u00fc\u015f\u00fck enerjiyi tolere etmek isterlerse sizi d\u00f6n\u00fc\u015ft\u00fcrmeye ba\u015flarlar, kendinizi \u00e7ok g\u00fcvende hissedersiniz. Size do\u011fru akan sevgi enerjisini hissedersiniz ve bu size iyi gelir, sebepsiz bir iyi olma hali ba\u015flar. Hayat\u0131n\u0131zda b\u00f6yle g\u00fczel enerjili insanlar varsa gitmelerine izin vermeyin. Sizin iyi olman\u0131z i\u00e7in hayat\u0131n\u0131za girerler, kendi menfaatleri i\u00e7in de\u011fil. Bu tarz insanlar gittikleri her yere, ortam ne kadar zor olursa olsun, sevgi g\u00f6t\u00fcrmeyi ama\u00e7 edinmi\u015flerdir. Bu d\u00fcnyaya geli\u015f sebepleri salt bu sevgiyi ta\u015f\u0131mak ve herkese bula\u015ft\u0131rmakt\u0131r. Hayatta var olma sebeplerini erken ya\u015flarda kabul ettikleri i\u00e7in bu anla\u015fmay\u0131 hi\u00e7 bozmazlar. Anla\u015fmay\u0131 kiminle mi yapm\u0131\u015flard\u0131r? Tamam\u0131yla enerji boyutunda ger\u00e7ekle\u015fen bu anla\u015fma sizin inanc\u0131n\u0131z do\u011frultusunda de\u011ferlendirebilece\u011finiz bir kavramd\u0131r. Sadece bu evrendeki en y\u00fcksek g\u00fcc\u00fcn, bizleri yaratan\u0131n bu d\u00fcnyada bizi g\u00f6revlendirebilece\u011fi ger\u00e7e\u011fiyle yola \u00e7\u0131kabilirsek, anlat\u0131lmaya \u00e7al\u0131\u015f\u0131lan anlam bulacakt\u0131r. \u201cNe i\u00e7in buraday\u0131m?\u201d \u201cHayat amac\u0131m nedir?\u201d gibi sorular\u0131n, herkesin bir g\u00fcn kendi kendine y\u00fczle\u015fmesi gereken konular oldu\u011funa inanan bir ki\u015fi olarak bu kadar derin d\u00fc\u015f\u00fcnmenin asl\u0131nda i\u00e7ten i\u00e7e bize \u00e7ok iyi gelece\u011fini belirtmek isterim. Sevgiyle kal\u0131n.<\/p>\n","protected":false},"excerpt":{"rendered":"<p>\u2190 \u201cBeni tan\u0131m\u0131yorsun\u201d dersiniz en k\u0131ymetlinize. Bu ki\u015fi sevdi\u011finiz partneriniz de olabilir, karde\u015finiz de \u00e7ok yak\u0131n bir arkada\u015f\u0131n\u0131z da. \u201cBen seni \u00e7ok iyi tan\u0131yorum\u201d der. Bunu s\u00f6ylerken \u201cne yapmaya \u00e7al\u0131\u015ft\u0131\u011f\u0131n\u0131n gayet iyi fark\u0131nday\u0131m\u201d ifadesi de kullanabilir, bunu hissettirmeye de \u00e7al\u0131\u015fabilir. Y\u0131llar ge\u00e7er, \u00f6yle bir an gelir ki asl\u0131nda sizi ger\u00e7ekten de hi\u00e7 tan\u0131mad\u0131\u011f\u0131n\u0131 fark eder. [&hellip;]<\/p>\n","protected":false},"author":1,"featured_media":0,"parent":0,"menu_order":0,"comment_status":"closed","ping_status":"closed","template":"","meta":{"footnotes":""},"class_list":["post-234","page","type-page","status-publish","hentry"],"_links":{"self":[{"href":"https:\/\/www.asuatun.com\/index.php\/wp-json\/wp\/v2\/pages\/234","targetHints":{"allow":["GET"]}}],"collection":[{"href":"https:\/\/www.asuatun.com\/index.php\/wp-json\/wp\/v2\/pages"}],"about":[{"href":"https:\/\/www.asuatun.com\/index.php\/wp-json\/wp\/v2\/types\/page"}],"author":[{"embeddable":true,"href":"https:\/\/www.asuatun.com\/index.php\/wp-json\/wp\/v2\/users\/1"}],"replies":[{"embeddable":true,"href":"https:\/\/www.asuatun.com\/index.php\/wp-json\/wp\/v2\/comments?post=234"}],"version-history":[{"count":6,"href":"https:\/\/www.asuatun.com\/index.php\/wp-json\/wp\/v2\/pages\/234\/revisions"}],"predecessor-version":[{"id":320,"href":"https:\/\/www.asuatun.com\/index.php\/wp-json\/wp\/v2\/pages\/234\/revisions\/320"}],"wp:attachment":[{"href":"https:\/\/www.asuatun.com\/index.php\/wp-json\/wp\/v2\/media?parent=234"}],"curies":[{"name":"wp","href":"https:\/\/api.w.org\/{rel}","templated":true}]}}