{"id":228,"date":"2023-02-18T15:41:19","date_gmt":"2023-02-18T12:41:19","guid":{"rendered":"http:\/\/www.asuatun.com\/?page_id=228"},"modified":"2023-02-19T20:01:03","modified_gmt":"2023-02-19T17:01:03","slug":"ikili-iliskilerimiz-futbol-macina-donustugu-zaman","status":"publish","type":"page","link":"https:\/\/www.asuatun.com\/index.php\/ikili-iliskilerimiz-futbol-macina-donustugu-zaman\/","title":{"rendered":"\u0130kili \u0130li\u015fkilerimiz Futbol ma\u00e7\u0131na d\u00f6n\u00fc\u015ft\u00fc\u011f\u00fc zaman"},"content":{"rendered":"\n<p class=\"has-text-align-right has-x-large-font-size\"><a href=\"https:\/\/www.asuatun.com\/index.php\/yazilar\/\" data-type=\"URL\" data-id=\"https:\/\/www.asuatun.com\/index.php\/yazilar\/\">\u2190<\/a><\/p>\n\n\n\n<p>\u0130kili ili\u015fkiye ba\u015flarken motivasyonunuz, kar\u015f\u0131 taraf\u0131n g\u00f6r\u00fcnt\u00fcs\u00fc, zek\u00e2s\u0131, empati kurabilme yetene\u011fi veya burada detayland\u0131r\u0131lmayan herhangi ba\u015fka bir sebep olabilir. Ayni \u015fekilde kar\u015f\u0131 taraf\u0131n sizde buldu\u011fu bir g\u00fczel \u00f6zellikten dolay\u0131 birlikteli\u011finiz heyecanla, sevgiyle ve \u00e7ok b\u00fcy\u00fck bir ilgiyle devam etmeye ba\u015flar. Aylar y\u0131llara d\u00f6n\u00fc\u015f\u00fcr ve kendinizi art\u0131k ciddi bir ili\u015fkinin i\u00e7erisinde bulursunuz. Heyecan azalmaya, sevgi artmaya ve birbirinin varl\u0131\u011f\u0131na al\u0131\u015fma ba\u015f g\u00f6sterir. \u0130lk ba\u015flarda \u201cbiz\u201d diye ba\u015flayan c\u00fcmleler herhangi bir tart\u0131\u015fma an\u0131nda \u201csen\u201d diye su\u00e7lay\u0131c\u0131 c\u00fcmlelere d\u00f6n\u00fc\u015f\u00fcr. Ve asl\u0131nda siz hi\u00e7 fark\u0131na varmadan ili\u015fkiniz bir futbol ma\u00e7\u0131na d\u00f6n\u00fc\u015f\u00fcr. Sevdice\u011finiz ve siz bir taraf, ya\u015f\u0131yor oldu\u011funuz sorun di\u011fer taraf olmas\u0131 gerekirken, ikiniz birbirinize kar\u015f\u0131 en iddial\u0131 taraf, aran\u0131zda \u00e7\u0131kan sorun ise \u201cpuan\u201d alaca\u011f\u0131n\u0131z, hakl\u0131 \u00e7\u0131k\u0131p kar\u015f\u0131 taraf\u0131 ezece\u011finiz bir ma\u00e7a d\u00f6n\u00fc\u015f\u00fcr. Bu sorun uzun d\u00f6nemde ili\u015fkiyi y\u0131prat\u0131r ve \u00e7atlaklar\u0131n olu\u015fmas\u0131na sebep olur. \u00c7\u00f6z\u00fcm\u00fcne gelmeden \u00f6nce neden bu seviyeye gelindi\u011fine bakacak olursak, belli ba\u015fl\u0131 sebepler kendilerini g\u00f6sterecektir. Bu sebeplerden bir tanesi yeti\u015ftirilme \u015fekli olabilir. K\u00fc\u00e7\u00fckken yeti\u015ftirilme \u015feklinden, \u00f6zellikle ili\u015fkilerde sa\u011fl\u0131ks\u0131z bir \u015fekilde kodlanmaktan asl\u0131nda siz sorumlu de\u011filsiniz. Ancak ileriki ya\u015flarda bunlar\u0131 d\u00fczeltme sorumlulu\u011fu evet size aittir. Ba\u011f\u0131ml\u0131 bir ili\u015fki mi ya\u015f\u0131yorsunuz, bu sizin k\u00fc\u00e7\u00fckken \u015fartl\u0131 sevilmenizden dolay\u0131 ortaya \u00e7\u0131kabilir. S\u0131rf sevilmek ad\u0131na kendi benli\u011finden vazge\u00e7mek, y\u0131\u011f\u0131nla tavizde bulunmak bunlardan sadece birka\u00e7 tanesidir. Kar\u015f\u0131 taraftan kabul g\u00f6rmek ad\u0131na ki\u015finin kendi \u00f6zde\u011ferinden vazge\u00e7mesi olduk\u00e7a ac\u0131 verici olabilir. Manip\u00fclatif e\u011filim mi g\u00f6steriyorsunuz, bu da yine bask\u0131c\u0131 bir ortamdan ve cezaland\u0131r\u0131c\u0131 bir sistemden geldi\u011finize \u0131\u015f\u0131k tutabilir. Her seferinde kar\u015f\u0131 taraf\u0131 su\u00e7lamak yerine asl\u0131nda kendimizin nerelerde tepki verdi\u011fine bakmak ili\u015fkideki \u201cp\u00fcr\u00fczleri\u201d d\u00fczeltmek ad\u0131na \u00e7ok daha fazla yard\u0131mc\u0131 olabilecektir. Birbirinize kar\u015f\u0131 a\u00e7t\u0131\u011f\u0131n\u0131z sava\u015fa veya birbirinize kar\u015f\u0131 ezeli rakip oldu\u011funuz futbol ma\u00e7\u0131na geri d\u00f6necek olursak, neden bu seviyeye geldi\u011finize d\u00f6n\u00fcp bakabilmek sorunu \u00e7\u00f6zmek ad\u0131na \u00e7ok iyi bir ba\u015flang\u0131\u00e7 olacakt\u0131r. Hangi a\u015famalardan ge\u00e7erek bu seviyeye geldiniz? Bu seviyeye gelirken ne kadar y\u0131prand\u0131n\u0131z ve ne kadar y\u0131pratt\u0131n\u0131z? Bu y\u0131prat\u0131lmalar aran\u0131zdaki sevgiyi ne kadar azaltt\u0131? Bunlar kendinize sorabilece\u011finiz sorulardan baz\u0131lar\u0131. Bunlara ek olarak metafor olarak neden gol atma veya tabiri caizse neden hakl\u0131 \u00e7\u0131kma gayreti veriyorsunuz? Hakl\u0131 \u00e7\u0131kmak size kendinizi \u00e7ok iyi hissettirecektir ve ayn\u0131 zamanda \u00f6demeniz gereken \u00e7ok a\u011f\u0131r bir bedel olacakt\u0131r. Ger\u00e7ekten bu bedeli \u00f6demeye de\u011fer mi? Bu bedel, ili\u015fkinin bitmesi, terk edilmeniz veya aran\u0131zdaki sevginin tamam\u0131yla bitmesi olabilir. Bunlar\u0131 ya\u015famaya de\u011fer mi? Bunlar da bakman\u0131z gereken di\u011fer derin konular olacakt\u0131r. Mutlaka bu s\u00fcre\u00e7lerde imkanlar\u0131n\u0131z dahilinde profesyonel yard\u0131m almaya \u00e7al\u0131\u015f\u0131n. Tek ba\u015f\u0131na bu sorularla y\u00fczle\u015fmek ve her \u015feye ra\u011fmen objektif kalabilmek sizi y\u0131pratabilir. Evet ili\u015fkiler \u00e7ok zor kuruluyor, k\u0131ymetini bilmeliyiz. Buna ek olarak bireysel anlamda bakacak olursak her insan kendi i\u00e7inde olduk\u00e7a k\u0131ymetlidir. Bunu da her zaman hat\u0131rlay\u0131p kendi de\u011ferinize sahip \u00e7\u0131kman\u0131z dile\u011fiyle. Sevgiler. &nbsp;<\/p>\n","protected":false},"excerpt":{"rendered":"<p>\u2190 \u0130kili ili\u015fkiye ba\u015flarken motivasyonunuz, kar\u015f\u0131 taraf\u0131n g\u00f6r\u00fcnt\u00fcs\u00fc, zek\u00e2s\u0131, empati kurabilme yetene\u011fi veya burada detayland\u0131r\u0131lmayan herhangi ba\u015fka bir sebep olabilir. Ayni \u015fekilde kar\u015f\u0131 taraf\u0131n sizde buldu\u011fu bir g\u00fczel \u00f6zellikten dolay\u0131 birlikteli\u011finiz heyecanla, sevgiyle ve \u00e7ok b\u00fcy\u00fck bir ilgiyle devam etmeye ba\u015flar. Aylar y\u0131llara d\u00f6n\u00fc\u015f\u00fcr ve kendinizi art\u0131k ciddi bir ili\u015fkinin i\u00e7erisinde bulursunuz. Heyecan azalmaya, sevgi [&hellip;]<\/p>\n","protected":false},"author":1,"featured_media":0,"parent":0,"menu_order":0,"comment_status":"closed","ping_status":"closed","template":"","meta":{"footnotes":""},"class_list":["post-228","page","type-page","status-publish","hentry"],"_links":{"self":[{"href":"https:\/\/www.asuatun.com\/index.php\/wp-json\/wp\/v2\/pages\/228","targetHints":{"allow":["GET"]}}],"collection":[{"href":"https:\/\/www.asuatun.com\/index.php\/wp-json\/wp\/v2\/pages"}],"about":[{"href":"https:\/\/www.asuatun.com\/index.php\/wp-json\/wp\/v2\/types\/page"}],"author":[{"embeddable":true,"href":"https:\/\/www.asuatun.com\/index.php\/wp-json\/wp\/v2\/users\/1"}],"replies":[{"embeddable":true,"href":"https:\/\/www.asuatun.com\/index.php\/wp-json\/wp\/v2\/comments?post=228"}],"version-history":[{"count":5,"href":"https:\/\/www.asuatun.com\/index.php\/wp-json\/wp\/v2\/pages\/228\/revisions"}],"predecessor-version":[{"id":317,"href":"https:\/\/www.asuatun.com\/index.php\/wp-json\/wp\/v2\/pages\/228\/revisions\/317"}],"wp:attachment":[{"href":"https:\/\/www.asuatun.com\/index.php\/wp-json\/wp\/v2\/media?parent=228"}],"curies":[{"name":"wp","href":"https:\/\/api.w.org\/{rel}","templated":true}]}}