{"id":225,"date":"2023-02-18T15:39:20","date_gmt":"2023-02-18T12:39:20","guid":{"rendered":"http:\/\/www.asuatun.com\/?page_id=225"},"modified":"2023-02-19T20:02:38","modified_gmt":"2023-02-19T17:02:38","slug":"neden-yalniziz","status":"publish","type":"page","link":"https:\/\/www.asuatun.com\/index.php\/neden-yalniziz\/","title":{"rendered":"Neden yaln\u0131z\u0131z?"},"content":{"rendered":"\n<p class=\"has-text-align-right has-x-large-font-size\"><a href=\"https:\/\/www.asuatun.com\/index.php\/yazilar\/\" data-type=\"URL\" data-id=\"https:\/\/www.asuatun.com\/index.php\/yazilar\/\">\u2190<\/a><\/p>\n\n\n\n<p>Romantik bir ili\u015fki i\u00e7in, kar\u015f\u0131 tarafta hangi \u00f6zelliklerin olmas\u0131n\u0131 istiyorsan\u0131z bir k\u00e2\u011f\u0131t kalem al\u0131p yazmaya ba\u015flay\u0131n ve en ince ayr\u0131nt\u0131s\u0131na kadar detayland\u0131r\u0131n. Peki bu detayland\u0131rd\u0131klar\u0131n\u0131z\u0131n ka\u00e7 tanesini siz ta\u015f\u0131yorsunuz? Kendi Kendiniz gibi biriyle siz birlikte olur muydunuz? Bu soruyu kendimize sorabiliyor muyuz? E\u011fer sorabiliyorsak kendimize d\u00fcr\u00fcst\u00e7e cevap verebiliyor muyuz? Yoksa soruyu sorduktan sonra kendimizle ilgili, y\u00fczle\u015fmek istemedi\u011fimiz k\u0131sm\u0131n\u0131 kendi kafam\u0131zda muallakta, bir sis perdesinin gerisinde mi b\u0131rak\u0131yoruz?<\/p>\n\n\n\n<p>\u201cBen kendimle bar\u0131\u015f\u0131k bir insan\u0131m\u201d c\u00fcmlesi \u00e7o\u011fumuzun diline pelesenk olmu\u015ftur. En k\u00fc\u00e7\u00fck bir ele\u015ftiride ise da\u011f\u0131lmaktan beter oluruz, karalar ba\u011flar\u0131z ve \u00e7ok \u00fcz\u00fcl\u00fcr\u00fcz. G\u00fcnlerce neden ele\u015ftirildi\u011fimizi d\u00fc\u015f\u00fcn\u00fcr\u00fcz. Sevilmedi\u011fimize, yeterince de\u011fer g\u00f6rmedi\u011fimize karar veririz. Hatta kafam\u0131zda kurdu\u011fumuz bu negatif senaryoya daha ac\u0131 verici detaylar dahi ekleyebiliriz. \u00c7ocuklu\u011fumuza d\u00f6neriz, orda ya\u015fad\u0131\u011f\u0131m\u0131z travmalar\u0131 tekrar tekrar hat\u0131rlay\u0131p enerjimizi iyice a\u015fa\u011f\u0131ya \u00e7ekeriz. Di\u011fer bir deyi\u015fle enerjimizi iyice negatif bir hale getiririz. Bu enerjiyle, yolunda giden i\u015flerimiz de sekteye u\u011framaya ba\u015flar. \u201cHer \u015fey beni bulur\u201d, \u201cben \u00e7ok \u015fans\u0131z\u0131m\u201d, \u201czaten ben her zaman \u015fans\u0131zd\u0131m\u201d gibi olumsuz enerji ta\u015f\u0131yan c\u00fcmleler kafam\u0131zda d\u00f6nmeye ba\u015flar. B\u00f6yle bir ruh durumunda iken sabah uyand\u0131\u011f\u0131m\u0131z zaman \u015f\u00fckretmek yerine ilk i\u015f kafam\u0131zda \u2018olumsuz\u2019 d\u00fc\u015f\u00fcnceler yaratmak olur. Bu \u015fekilde beynimizi yormaya o kadar \u00e7ok al\u0131\u015f\u0131r\u0131z ki, sorunumuz olmad\u0131\u011f\u0131 zamanlarda bile olumsuz bir d\u00fc\u015f\u00fcnce bulmaya \u00e7al\u0131\u015f\u0131p, kendimizi \u201cg\u00fcvende\u201d hissetti\u011fimiz bu negatif ruh halinde kalmaya \u00e7abalar\u0131z. Beyin art\u0131k bu n\u00f6ron yolunda sinyal g\u00f6ndermeye \u00e7ok al\u0131\u015fm\u0131\u015ft\u0131r. Yeni ve olumlu bir bak\u0131\u015f a\u00e7\u0131s\u0131 geli\u015ftirmek \u00e7ok daha fazla emek ve \u00e7aba gerektirece\u011fi i\u00e7in her \u015feyi olumsuz g\u00f6rmek, herkeste ve her \u015feyde bir kusur aramak \u00e7ok daha fazla kolay gelmektedir. &nbsp;<\/p>\n\n\n\n<p>Kendi mutsuzlu\u011fumuzla y\u00fczle\u015fmek ve kabul etmek yerine, \u00e7o\u011fu zaman mutsuzlu\u011fumuzu etraf\u0131m\u0131za bula\u015ft\u0131rmaya, etraf\u0131m\u0131z\u0131 da huzursuz etmeye \u00e7al\u0131\u015f\u0131r\u0131z. Her \u015feyi bilirmi\u015f gibi davranmak, s\u00fcrekli ak\u0131l vermek, en k\u00fc\u00e7\u00fck bir detay\u0131 bulup ele\u015ftirmek, kendi i\u00e7inde hissetti\u011fi de\u011fersizlik duygular\u0131n\u0131 maskelemek ad\u0131na, asl\u0131nda var olmayan bir \u00f6zg\u00fcven sergilemek, s\u00fcrekli kendi kendini \u00f6vmek veya \u00e7ok i\u015fi varm\u0131\u015f gibi davranmak bunlardan bir ka\u00e7\u0131d\u0131r mesela. Etraftaki herkes bizimle birlikte mutsuz olmal\u0131d\u0131r, arada yanl\u0131\u015fl\u0131kla mutlu olan \u00e7\u0131karsa kendimizle y\u00fczle\u015fmek gerekebilece\u011fi i\u00e7in bu bize yine ac\u0131 verecektir. Bu y\u00fczden mutlaka herkes ac\u0131 \u00e7ekmelidir.<\/p>\n\n\n\n<p>Normal zamanda kendi i\u00e7inde dengede ve mutlu insanlar olarak b\u00f6yle negatif enerji ta\u015f\u0131yan bir insana maruz kald\u0131\u011f\u0131m\u0131z zaman, kendi saf duygu ve d\u00fc\u015f\u00fcncelerimizle kendimizi ele\u015ftirmeye, nerde hata yapt\u0131\u011f\u0131m\u0131z\u0131 bulmaya \u00e7abalar\u0131z. Halbuki asl\u0131nda sadece kar\u015f\u0131 taraf\u0131n negatif davran\u0131\u015flar\u0131 yans\u0131maktad\u0131r. E\u011fer kendimizi b\u00f6yle bir insandan uzakla\u015ft\u0131rmazsak ayni negatif duygu ve d\u00fc\u015f\u00fcncelere kap\u0131lmam\u0131z an meselesidir. E\u011fer uzakla\u015fam\u0131yorsak kar\u015f\u0131 taraf\u0131n davran\u0131\u015flar\u0131n\u0131 ki\u015fisel almamay\u0131 deneyebiliriz. Davran\u0131\u015flar\u0131 salt \u015fahs\u0131m\u0131zla ilgili bile olsa negatif k\u0131s\u0131mlar\u0131n\u0131n kendi mutsuzlu\u011funu yans\u0131tt\u0131\u011f\u0131n\u0131 bilmemiz tek ba\u015f\u0131na t\u00fcm sorunlar\u0131 ortadan kald\u0131racakt\u0131r.<\/p>\n\n\n\n<p>Tekrar \u201cneden yaln\u0131z\u0131z?\u201d sorusuna geri d\u00f6necek olursak, negatif ve d\u00fc\u015f\u00fck enerjiler maalesef s\u00fcrd\u00fcr\u00fclebilir de\u011fildir. Bir s\u00fcre sonra bedenimizde hastal\u0131klara, enerji d\u00fc\u015f\u00fckl\u00fc\u011f\u00fcne ve depresyona sebebiyet verme riski ta\u015f\u0131maktad\u0131rlar. Hal b\u00f6yle iken, d\u0131\u015f d\u00fcnyaya kar\u015f\u0131 \u00f6fke, intikam, haddini bildirme, s\u00fcrekli olarak kendini savunma enerjileriyle yani asl\u0131nda fizyolojik olarak s\u00fcrekli olarak merkezi sinir sisteminin devrede ve alarmda oldu\u011fu bir enerjide kalmak size olumlu \u015fekilde yans\u0131mayacakt\u0131r. Hayat\u0131n\u0131za \u00e7ekmeye \u00e7al\u0131\u015ft\u0131\u011f\u0131n\u0131z ve \u00f6zelliklerini detayl\u0131 bir \u015fekilde kaleme ald\u0131\u011f\u0131n\u0131z insan\u0131n \u00f6fke dolu, intikam pe\u015finde, laf\u0131na laf ar\u015f\u0131n\u0131na bez duygusunda olmas\u0131n\u0131 ister miydiniz? Bu tarz d\u00fc\u015f\u00fck enerjili davran\u0131\u015f bi\u00e7imleri ilginizi \u00e7eker miydi? E\u011fer bizler d\u00fc\u015f\u00fck enerjilerden \u00e7\u0131kmazsak ne kilo verebiliriz ne spor yapmaya enerjimiz kal\u0131r ne de icra etti\u011fimiz i\u015fin bereketi. Para siz fark etmeden gelir ve gider ve siz yine mali s\u0131k\u0131nt\u0131 \u00e7ekersiniz, sebebini dahi anlamadan. &nbsp;<\/p>\n\n\n\n<p>Hal b\u00f6yle iken b\u0131rak\u0131n kendinize uygun bir partneri hayat\u0131n\u0131za \u00e7ekmeyi, sa\u011fl\u0131\u011f\u0131n\u0131z\u0131, bereketinizi ve d\u00fczeninizi de bozmaya ba\u015flars\u0131n\u0131z.<\/p>\n\n\n\n<p>\u201cBuraya kadar her \u015feyi anlad\u0131k, peki ne yapmam\u0131z laz\u0131m?\u201d diye sordu\u011funuzu duyar gibiyim. \u00d6ncelikle, h\u0131zl\u0131ca bu d\u00fc\u015f\u00fck ve negatif enerji seviyesinden \u00e7\u0131kmam\u0131z gerekmektedir. Mevcut sorun ne olursa olsun anda kalmay\u0131 denemek, anda kal\u0131rken de enerjimizi y\u00fcksek tutmaya \u00e7al\u0131\u015fmak \u00e7ok \u00f6nemlidir mesela. Anda kalabilmek i\u00e7in s\u00fcrekli olarak pratik yapmak gerekir. Anda kald\u0131\u011f\u0131m\u0131z zaman asl\u0131nda \u015fimdi ve burada herhangi bir sorunun olmad\u0131\u011f\u0131n\u0131, ne ya\u015fand\u0131ysa ge\u00e7mi\u015fte kald\u0131\u011f\u0131n\u0131, \u015fu anda ise bizim sadece yans\u0131malar\u0131 hissetti\u011fimizi fark ederiz. Yani asl\u0131nda hissedilen korku, \u00f6fke, intikam, sevgisizlik bir ill\u00fczyondur. Buraya saplan\u0131p kal\u0131rsak d\u00fc\u015f\u00fck enerjili her \u015feyi kendimize do\u011fru \u00e7ekeriz. Enerjimizi y\u00fckseltmeyi ba\u015farabilirsek daha olumlu konular gelip bizi mutlaka bulacakt\u0131r. D\u00fcnyada herkes i\u00e7in bereket vard\u0131r. Bizim bunun ne kadar\u0131n\u0131 hak etti\u011fimizi d\u00fc\u015f\u00fcnmemize ba\u011fl\u0131d\u0131r asl\u0131nda. \u015e\u00fckretmek titre\u015fimi ve enerjisi \u00e7ok y\u00fcksek bir davran\u0131\u015ft\u0131r. Allaha, Evrene veya neye inan\u0131rsan\u0131z ona te\u015fekk\u00fcr etmektir. Sahip olduklar\u0131n\u0131z\u0131 fark edip onurland\u0131rmakt\u0131r. Bu da size kendinizi de\u011ferli ve b\u00fct\u00fcn bir par\u00e7as\u0131 olarak hissettirecektir. \u015e\u00fckretmeyle i\u015fe ba\u015flayabiliriz mesela. Sa\u011fl\u0131kl\u0131 oldu\u011fumuz i\u00e7in, bir evimiz oldu\u011fu, i\u00e7ecek suyumuzun yiyecek yeme\u011finizin, hatta ald\u0131\u011f\u0131m\u0131z kilolar\u0131m\u0131z\u0131 vermemiz gerekti\u011fi i\u00e7in bile. \u00c7\u00fcnk\u00fc bu bize sa\u011fl\u0131kl\u0131 ve maddi a\u00e7\u0131dan bir\u00e7ok insandan daha \u015fansl\u0131 oldu\u011fumuzu hat\u0131rlat\u0131r. Meditasyon yapmak, do\u011fada sessiz bir \u015fekilde vakit ge\u00e7irmek, do\u011fal hayat\u0131n kendi i\u00e7inde ne kadar da m\u00fckemmel oldu\u011funu fark etmek enerjinizi y\u00fckseltecektir. Veya inan\u00e7lar\u0131 olan bir insansan\u0131z inan\u00e7lar\u0131n\u0131z do\u011frultusunda ibadet etmek yine enerjinizi y\u00fckseltecektir. &nbsp;<\/p>\n\n\n\n<p>Bu bak\u0131\u015f a\u00e7\u0131s\u0131yla sorunlar\u0131n\u0131za tekrar bakman\u0131z\u0131 tavsiye ederim. Herhangi bir konuda soru sormak isterseniz bana mesaj yoluyla rahatl\u0131kla ula\u015fabilirsiniz. Her \u015feyin en iyisini hak etti\u011finizi kalbinizde hissederek Sevgiyle kal\u0131n. &nbsp;&nbsp;Not: Bu yaz\u0131 Dr Joe Dispenza\u2019n\u0131n videolar\u0131ndan esinlenmi\u015ftir. &nbsp;&nbsp;&nbsp;&nbsp;&nbsp;&nbsp;&nbsp;<\/p>\n","protected":false},"excerpt":{"rendered":"<p>\u2190 Romantik bir ili\u015fki i\u00e7in, kar\u015f\u0131 tarafta hangi \u00f6zelliklerin olmas\u0131n\u0131 istiyorsan\u0131z bir k\u00e2\u011f\u0131t kalem al\u0131p yazmaya ba\u015flay\u0131n ve en ince ayr\u0131nt\u0131s\u0131na kadar detayland\u0131r\u0131n. Peki bu detayland\u0131rd\u0131klar\u0131n\u0131z\u0131n ka\u00e7 tanesini siz ta\u015f\u0131yorsunuz? Kendi Kendiniz gibi biriyle siz birlikte olur muydunuz? Bu soruyu kendimize sorabiliyor muyuz? E\u011fer sorabiliyorsak kendimize d\u00fcr\u00fcst\u00e7e cevap verebiliyor muyuz? Yoksa soruyu sorduktan sonra kendimizle [&hellip;]<\/p>\n","protected":false},"author":1,"featured_media":0,"parent":0,"menu_order":0,"comment_status":"closed","ping_status":"closed","template":"","meta":{"footnotes":""},"class_list":["post-225","page","type-page","status-publish","hentry"],"_links":{"self":[{"href":"https:\/\/www.asuatun.com\/index.php\/wp-json\/wp\/v2\/pages\/225","targetHints":{"allow":["GET"]}}],"collection":[{"href":"https:\/\/www.asuatun.com\/index.php\/wp-json\/wp\/v2\/pages"}],"about":[{"href":"https:\/\/www.asuatun.com\/index.php\/wp-json\/wp\/v2\/types\/page"}],"author":[{"embeddable":true,"href":"https:\/\/www.asuatun.com\/index.php\/wp-json\/wp\/v2\/users\/1"}],"replies":[{"embeddable":true,"href":"https:\/\/www.asuatun.com\/index.php\/wp-json\/wp\/v2\/comments?post=225"}],"version-history":[{"count":4,"href":"https:\/\/www.asuatun.com\/index.php\/wp-json\/wp\/v2\/pages\/225\/revisions"}],"predecessor-version":[{"id":324,"href":"https:\/\/www.asuatun.com\/index.php\/wp-json\/wp\/v2\/pages\/225\/revisions\/324"}],"wp:attachment":[{"href":"https:\/\/www.asuatun.com\/index.php\/wp-json\/wp\/v2\/media?parent=225"}],"curies":[{"name":"wp","href":"https:\/\/api.w.org\/{rel}","templated":true}]}}