{"id":222,"date":"2023-02-18T15:36:32","date_gmt":"2023-02-18T12:36:32","guid":{"rendered":"http:\/\/www.asuatun.com\/?page_id=222"},"modified":"2023-02-19T20:02:27","modified_gmt":"2023-02-19T17:02:27","slug":"milton-ericksondan-notlar","status":"publish","type":"page","link":"https:\/\/www.asuatun.com\/index.php\/milton-ericksondan-notlar\/","title":{"rendered":"Milton Erickson\u2019dan notlar:"},"content":{"rendered":"\n<p class=\"has-text-align-right has-x-large-font-size\"><a href=\"https:\/\/www.asuatun.com\/index.php\/yazilar\/\" data-type=\"URL\" data-id=\"https:\/\/www.asuatun.com\/index.php\/yazilar\/\">\u2190<\/a><\/p>\n\n\n\n<p>\u201cBa\u015f a\u011fr\u0131lar\u0131n\u0131 tedavi etti\u011fim Philadelphia\u2019l\u0131 bir adam amcas\u0131n\u0131 ve e\u015fini benimle g\u00f6r\u00fc\u015fmeleri i\u00e7in g\u00f6ndermi\u015fti. Onlar \u2018Evlilik hayatlar\u0131 boyunca her g\u00fcn tart\u0131\u015fm\u0131\u015flar ve otuz y\u0131ldan fazla bir zamand\u0131r evlilermi\u015f\u2019.<\/p>\n\n\n\n<p>Beni g\u00f6rmeye geldiler. Onlara, \u2018yeterince didi\u015fmediniz mi? Niye hayat\u0131n tad\u0131n\u0131 \u00e7\u0131karmaya ba\u015flam\u0131yorsunuz?\u2019 diye sordum. Sonra olduk\u00e7a mutlu bir ya\u015fam s\u00fcrd\u00fcler. Ve Kad\u0131n bana gelmesi i\u00e7in mutsuz olan k\u0131z karde\u015fini ikna etmeyi denedi.\u201d<\/p>\n\n\n\n<p>Sesim Seninle Her Yerde adl\u0131 kitaptan al\u0131nt\u0131 olan bu sat\u0131rlarda Milton Erickson yapm\u0131\u015f oldu\u011fu hipnozu olduk\u00e7a yal\u0131n bir dille okuyucuya anlatmaktad\u0131r. Okuyucuya dolayl\u0131 yoldan hastalar\u0131n\u0131n seyrini anlat\u0131rken her zaman sade bir dil kullanmay\u0131 tercih etmi\u015ftir. Hi\u00e7bir \u015fekilde kendi kendini \u00f6vmeden, son derece net bir \u015fekilde anlatt\u0131\u011f\u0131 bu ger\u00e7ek vakalar\u0131n\u0131 ve \u00e7\u00f6z\u00fcm \u00f6nerilerini mutlaka okuman\u0131z\u0131 tavsiye ederim. \u00d6nce Milton Erickson Hipnoz tekniklerini \u00f6\u011frenip daha sonra bu kitab\u0131 okursan\u0131z \u00e7ok daha fazla fayda sa\u011flay\u0131p keyif alabilirsiniz.&nbsp;<\/p>\n","protected":false},"excerpt":{"rendered":"<p>\u2190 \u201cBa\u015f a\u011fr\u0131lar\u0131n\u0131 tedavi etti\u011fim Philadelphia\u2019l\u0131 bir adam amcas\u0131n\u0131 ve e\u015fini benimle g\u00f6r\u00fc\u015fmeleri i\u00e7in g\u00f6ndermi\u015fti. Onlar \u2018Evlilik hayatlar\u0131 boyunca her g\u00fcn tart\u0131\u015fm\u0131\u015flar ve otuz y\u0131ldan fazla bir zamand\u0131r evlilermi\u015f\u2019. Beni g\u00f6rmeye geldiler. Onlara, \u2018yeterince didi\u015fmediniz mi? Niye hayat\u0131n tad\u0131n\u0131 \u00e7\u0131karmaya ba\u015flam\u0131yorsunuz?\u2019 diye sordum. Sonra olduk\u00e7a mutlu bir ya\u015fam s\u00fcrd\u00fcler. Ve Kad\u0131n bana gelmesi i\u00e7in mutsuz [&hellip;]<\/p>\n","protected":false},"author":1,"featured_media":0,"parent":0,"menu_order":0,"comment_status":"closed","ping_status":"closed","template":"","meta":{"footnotes":""},"class_list":["post-222","page","type-page","status-publish","hentry"],"_links":{"self":[{"href":"https:\/\/www.asuatun.com\/index.php\/wp-json\/wp\/v2\/pages\/222","targetHints":{"allow":["GET"]}}],"collection":[{"href":"https:\/\/www.asuatun.com\/index.php\/wp-json\/wp\/v2\/pages"}],"about":[{"href":"https:\/\/www.asuatun.com\/index.php\/wp-json\/wp\/v2\/types\/page"}],"author":[{"embeddable":true,"href":"https:\/\/www.asuatun.com\/index.php\/wp-json\/wp\/v2\/users\/1"}],"replies":[{"embeddable":true,"href":"https:\/\/www.asuatun.com\/index.php\/wp-json\/wp\/v2\/comments?post=222"}],"version-history":[{"count":4,"href":"https:\/\/www.asuatun.com\/index.php\/wp-json\/wp\/v2\/pages\/222\/revisions"}],"predecessor-version":[{"id":323,"href":"https:\/\/www.asuatun.com\/index.php\/wp-json\/wp\/v2\/pages\/222\/revisions\/323"}],"wp:attachment":[{"href":"https:\/\/www.asuatun.com\/index.php\/wp-json\/wp\/v2\/media?parent=222"}],"curies":[{"name":"wp","href":"https:\/\/api.w.org\/{rel}","templated":true}]}}