{"id":129,"date":"2023-02-14T12:56:12","date_gmt":"2023-02-14T09:56:12","guid":{"rendered":"http:\/\/www.asuatun.com\/?page_id=129"},"modified":"2023-02-18T16:18:04","modified_gmt":"2023-02-18T13:18:04","slug":"iletisim","status":"publish","type":"page","link":"https:\/\/www.asuatun.com\/index.php\/iletisim\/","title":{"rendered":"<strong>\u0130leti\u015fim<\/strong>"},"content":{"rendered":"\n<p class=\"has-text-align-right has-medium-font-size\"><a href=\"http:\/\/www.asuatun.com\" data-type=\"URL\" data-id=\"http:\/\/www.asuatun.com\">Ana Sayfa<\/a><\/p>\n\n\n\n<p class=\"has-link-color has-large-font-size wp-elements-f4f5d1a25615b2def30ad5b76e41c939\">Adres: <a href=\"https:\/\/www.google.com\/maps\/place\/Filli+Boya+Girne+-+A%26S+Atun+Group\/@35.3321316,33.3309193,17z\/data=!3m1!4b1!4m6!3m5!1s0x14de6dfe6b576627:0xca17f83911c7b0d5!8m2!3d35.3321316!4d33.3309193!16s%2Fg%2F11jpplw0hk?hl=en-TR\" data-type=\"URL\" data-id=\"https:\/\/www.google.com\/maps\/place\/Filli+Boya+Girne+-+A%26S+Atun+Group\/@35.3321316,33.3309193,17z\/data=!3m1!4b1!4m6!3m5!1s0x14de6dfe6b576627:0xca17f83911c7b0d5!8m2!3d35.3321316!4d33.3309193!16s%2Fg%2F11jpplw0hk?hl=en-TR\">Kurtulu\u015f Caddesi No:2, Do\u011fank\u00f6y Girne<\/a><\/p>\n\n\n\n<p class=\"has-large-font-size\">E-mail: asuatun@yahoo.com<\/p>\n\n\n\n<ul class=\"wp-block-social-links is-layout-flex wp-block-social-links-is-layout-flex\"><li class=\"wp-social-link wp-social-link-mail  wp-block-social-link\"><a href=\"mailto:a&#115;uat&#117;&#110;&#064;&#121;&#097;h&#111;&#111;.co&#109;\" class=\"wp-block-social-link-anchor\"><svg width=\"24\" height=\"24\" viewBox=\"0 0 24 24\" version=\"1.1\" xmlns=\"http:\/\/www.w3.org\/2000\/svg\" aria-hidden=\"true\" focusable=\"false\"><path d=\"M19,5H5c-1.1,0-2,.9-2,2v10c0,1.1.9,2,2,2h14c1.1,0,2-.9,2-2V7c0-1.1-.9-2-2-2zm.5,12c0,.3-.2.5-.5.5H5c-.3,0-.5-.2-.5-.5V9.8l7.5,5.6,7.5-5.6V17zm0-9.1L12,13.6,4.5,7.9V7c0-.3.2-.5.5-.5h14c.3,0,.5.2.5.5v.9z\"><\/path><\/svg><span class=\"wp-block-social-link-label screen-reader-text\">E-posta<\/span><\/a><\/li><\/ul>\n\n\n\n<figure class=\"wp-block-image size-full is-resized\"><a href=\"https:\/\/www.instagram.com\/asu_atun\/\"><img loading=\"lazy\" decoding=\"async\" src=\"http:\/\/www.asuatun.com\/wp-content\/uploads\/2023\/02\/png-clipart-logo-computer-icons-symbol-whatsapp-instagram-miscellaneous-text.png\" alt=\"\" class=\"wp-image-183\" width=\"48\" height=\"32\" srcset=\"https:\/\/www.asuatun.com\/wp-content\/uploads\/2023\/02\/png-clipart-logo-computer-icons-symbol-whatsapp-instagram-miscellaneous-text.png 900w, https:\/\/www.asuatun.com\/wp-content\/uploads\/2023\/02\/png-clipart-logo-computer-icons-symbol-whatsapp-instagram-miscellaneous-text-300x200.png 300w, https:\/\/www.asuatun.com\/wp-content\/uploads\/2023\/02\/png-clipart-logo-computer-icons-symbol-whatsapp-instagram-miscellaneous-text-768x512.png 768w\" sizes=\"auto, (max-width: 48px) 100vw, 48px\" \/><\/a><\/figure>\n","protected":false},"excerpt":{"rendered":"<p>Ana Sayfa Adres: Kurtulu\u015f Caddesi No:2, Do\u011fank\u00f6y Girne E-mail: asuatun@yahoo.com<\/p>\n","protected":false},"author":1,"featured_media":0,"parent":0,"menu_order":0,"comment_status":"closed","ping_status":"closed","template":"","meta":{"footnotes":""},"class_list":["post-129","page","type-page","status-publish","hentry"],"_links":{"self":[{"href":"https:\/\/www.asuatun.com\/index.php\/wp-json\/wp\/v2\/pages\/129","targetHints":{"allow":["GET"]}}],"collection":[{"href":"https:\/\/www.asuatun.com\/index.php\/wp-json\/wp\/v2\/pages"}],"about":[{"href":"https:\/\/www.asuatun.com\/index.php\/wp-json\/wp\/v2\/types\/page"}],"author":[{"embeddable":true,"href":"https:\/\/www.asuatun.com\/index.php\/wp-json\/wp\/v2\/users\/1"}],"replies":[{"embeddable":true,"href":"https:\/\/www.asuatun.com\/index.php\/wp-json\/wp\/v2\/comments?post=129"}],"version-history":[{"count":9,"href":"https:\/\/www.asuatun.com\/index.php\/wp-json\/wp\/v2\/pages\/129\/revisions"}],"predecessor-version":[{"id":265,"href":"https:\/\/www.asuatun.com\/index.php\/wp-json\/wp\/v2\/pages\/129\/revisions\/265"}],"wp:attachment":[{"href":"https:\/\/www.asuatun.com\/index.php\/wp-json\/wp\/v2\/media?parent=129"}],"curies":[{"name":"wp","href":"https:\/\/api.w.org\/{rel}","templated":true}]}}