{"id":127,"date":"2023-02-14T12:56:12","date_gmt":"2023-02-14T09:56:12","guid":{"rendered":"http:\/\/www.asuatun.com\/?page_id=127"},"modified":"2023-02-18T18:27:47","modified_gmt":"2023-02-18T15:27:47","slug":"yazilar","status":"publish","type":"page","link":"https:\/\/www.asuatun.com\/index.php\/yazilar\/","title":{"rendered":"Yaz\u0131lar"},"content":{"rendered":"\n<p class=\"has-text-align-right has-medium-font-size\"><a href=\"http:\/\/www.asuatun.com\" data-type=\"URL\" data-id=\"http:\/\/www.asuatun.com\">Ana Sayfa<\/a><\/p>\n\n\n\n<p class=\"has-link-color wp-elements-369eb8f7cc1e4309909c132870a7ffa6\"><strong>K\u00fc\u00e7\u00fcc\u00fckken \u00f6zellikle Babalar\u0131 taraf\u0131ndan ba\u015flar\u0131 bile ok\u015fanmam\u0131\u015f Prensesler, <\/strong><a href=\"https:\/\/www.asuatun.com\/index.php\/kucucukken-ozellikle-babalari-tarafindan-baslari-bile-oksanmamis-prensesler\/\" data-type=\"URL\" data-id=\"https:\/\/www.asuatun.com\/index.php\/kucucukken-ozellikle-babalari-tarafindan-baslari-bile-oksanmamis-prensesler\/\">Daha Fazla \u2192<\/a><\/p>\n\n\n\n<p class=\"has-link-color wp-elements-fddec297c9193674a0091985adc6cdaf\"><strong>\u0130li\u015fkilerde azla yetinmek<\/strong><br><a href=\"https:\/\/www.asuatun.com\/index.php\/iliskilerde-azla-yetinmek\/\" data-type=\"URL\" data-id=\"https:\/\/www.asuatun.com\/index.php\/iliskilerde-azla-yetinmek\/\">Daha Fazla \u2192<\/a><\/p>\n\n\n\n<p class=\"has-link-color wp-elements-c348d4997bcba05c666be25dd766293a\"><strong>Baba sevgisi yoksa;<\/strong><br><a href=\"https:\/\/www.asuatun.com\/index.php\/baba-sevgisi-yoksa\/\" data-type=\"URL\" data-id=\"https:\/\/www.asuatun.com\/index.php\/baba-sevgisi-yoksa\/\">Daha Fazla \u2192<\/a><\/p>\n\n\n\n<p class=\"has-link-color wp-elements-ad8edca15c5173e296ce0b477e313d2e\"><strong>Duygusal \u0130li\u015fkilerde ya\u015fanan ayr\u0131l\u0131klar ve hissettirdikleri<\/strong><br><a href=\"https:\/\/www.asuatun.com\/index.php\/duygusal-iliskilerde-yasanan-ayriliklar-ve-hissettirdikleri\/\" data-type=\"URL\" data-id=\"https:\/\/www.asuatun.com\/index.php\/duygusal-iliskilerde-yasanan-ayriliklar-ve-hissettirdikleri\/\">Daha Fazla \u2192<\/a><\/p>\n\n\n\n<p class=\"has-link-color wp-elements-cefb974552a93d5b12525a0160cd08c1\"><strong>Duygusal ili\u015fkinin bitti\u011fini kabul edememek<\/strong><br><a href=\"https:\/\/www.asuatun.com\/index.php\/duygusal-iliskinin-bittigini-kabul-edememek\/\" data-type=\"URL\" data-id=\"https:\/\/www.asuatun.com\/index.php\/duygusal-iliskinin-bittigini-kabul-edememek\/\">Daha Fazla \u2192<\/a><\/p>\n\n\n\n<p class=\"has-link-color wp-elements-6c3f0e00c5f5df477fde4d3ab64c3fc6\"><strong>\u0130kili \u0130li\u015fkilerimiz Futbol ma\u00e7\u0131na d\u00f6n\u00fc\u015ft\u00fc\u011f\u00fc zaman<\/strong><br><a href=\"https:\/\/www.asuatun.com\/index.php\/ikili-iliskilerimiz-futbol-macina-donustugu-zaman\/\" data-type=\"URL\" data-id=\"https:\/\/www.asuatun.com\/index.php\/ikili-iliskilerimiz-futbol-macina-donustugu-zaman\/\">Daha Fazla \u2192<\/a><\/p>\n\n\n\n<p class=\"has-link-color wp-elements-b8f5099e4b481fa2adce781c56639c3d\"><strong>\u0130nsanlar\u0131n zaaflar\u0131n\u0131 ke\u015ffedip onlarla oynayanlar.<\/strong><br><a href=\"https:\/\/www.asuatun.com\/index.php\/insanlarin-zaaflarini-kesfedip-onlarla-oynayanlar\/\" data-type=\"URL\" data-id=\"https:\/\/www.asuatun.com\/index.php\/insanlarin-zaaflarini-kesfedip-onlarla-oynayanlar\/\">Daha Fazla \u2192<\/a><\/p>\n\n\n\n<p class=\"has-link-color wp-elements-5d94e2ef87564236de1c0bf7855330da\"><strong>Kilo vermek veya \u2018g\u00fczel\u2019 g\u00f6r\u00fcnmek<\/strong><br><a href=\"https:\/\/www.asuatun.com\/index.php\/kilo-vermek-veya-guzel-gorunmek\/\" data-type=\"URL\" data-id=\"https:\/\/www.asuatun.com\/index.php\/kilo-vermek-veya-guzel-gorunmek\/\">Daha Fazla \u2192<\/a><\/p>\n\n\n\n<p class=\"has-link-color wp-elements-d2742c057fe01429c263b9cc227cd264\"><strong>K\u0131ymet<\/strong><br><a href=\"https:\/\/www.asuatun.com\/index.php\/kiymet\/\" data-type=\"URL\" data-id=\"https:\/\/www.asuatun.com\/index.php\/kiymet\/\">Daha Fazla \u2192<\/a><\/p>\n\n\n\n<p class=\"has-link-color wp-elements-8725afe296e43fca0e114b8e659f9114\"><strong>Ko\u015fulsuz Sevelim. Kendimizi mi? Kimi?<\/strong><br><a href=\"https:\/\/www.asuatun.com\/index.php\/kosulsuz-sevelim-kendimizi-mi-kimi\/\" data-type=\"URL\" data-id=\"https:\/\/www.asuatun.com\/index.php\/kosulsuz-sevelim-kendimizi-mi-kimi\/\">Daha Fazla \u2192<\/a><\/p>\n\n\n\n<p class=\"has-link-color wp-elements-a13073a40427970518c5e09190fd2776\"><strong>Milton Erickson\u2019dan notlar:<\/strong><br><a href=\"https:\/\/www.asuatun.com\/index.php\/milton-ericksondan-notlar\/\" data-type=\"URL\" data-id=\"https:\/\/www.asuatun.com\/index.php\/milton-ericksondan-notlar\/\">Daha Fazla \u2192<\/a><\/p>\n\n\n\n<p class=\"has-link-color wp-elements-bb5a1d60da04164c042fbd011e1fc0cb\"><strong>Neden yaln\u0131z\u0131z?<\/strong><br><a href=\"https:\/\/www.asuatun.com\/index.php\/neden-yalniziz\/\" data-type=\"URL\" data-id=\"https:\/\/www.asuatun.com\/index.php\/neden-yalniziz\/\">Daha Fazla \u2192<\/a><\/p>\n\n\n\n<p><\/p>\n","protected":false},"excerpt":{"rendered":"<p>Ana Sayfa K\u00fc\u00e7\u00fcc\u00fckken \u00f6zellikle Babalar\u0131 taraf\u0131ndan ba\u015flar\u0131 bile ok\u015fanmam\u0131\u015f Prensesler, Daha Fazla \u2192 \u0130li\u015fkilerde azla yetinmekDaha Fazla \u2192 Baba sevgisi yoksa;Daha Fazla \u2192 Duygusal \u0130li\u015fkilerde ya\u015fanan ayr\u0131l\u0131klar ve hissettirdikleriDaha Fazla \u2192 Duygusal ili\u015fkinin bitti\u011fini kabul edememekDaha Fazla \u2192 \u0130kili \u0130li\u015fkilerimiz Futbol ma\u00e7\u0131na d\u00f6n\u00fc\u015ft\u00fc\u011f\u00fc zamanDaha Fazla \u2192 \u0130nsanlar\u0131n zaaflar\u0131n\u0131 ke\u015ffedip onlarla oynayanlar.Daha Fazla \u2192 Kilo vermek [&hellip;]<\/p>\n","protected":false},"author":1,"featured_media":0,"parent":0,"menu_order":0,"comment_status":"closed","ping_status":"closed","template":"","meta":{"footnotes":""},"class_list":["post-127","page","type-page","status-publish","hentry"],"_links":{"self":[{"href":"https:\/\/www.asuatun.com\/index.php\/wp-json\/wp\/v2\/pages\/127","targetHints":{"allow":["GET"]}}],"collection":[{"href":"https:\/\/www.asuatun.com\/index.php\/wp-json\/wp\/v2\/pages"}],"about":[{"href":"https:\/\/www.asuatun.com\/index.php\/wp-json\/wp\/v2\/types\/page"}],"author":[{"embeddable":true,"href":"https:\/\/www.asuatun.com\/index.php\/wp-json\/wp\/v2\/users\/1"}],"replies":[{"embeddable":true,"href":"https:\/\/www.asuatun.com\/index.php\/wp-json\/wp\/v2\/comments?post=127"}],"version-history":[{"count":9,"href":"https:\/\/www.asuatun.com\/index.php\/wp-json\/wp\/v2\/pages\/127\/revisions"}],"predecessor-version":[{"id":282,"href":"https:\/\/www.asuatun.com\/index.php\/wp-json\/wp\/v2\/pages\/127\/revisions\/282"}],"wp:attachment":[{"href":"https:\/\/www.asuatun.com\/index.php\/wp-json\/wp\/v2\/media?parent=127"}],"curies":[{"name":"wp","href":"https:\/\/api.w.org\/{rel}","templated":true}]}}