{"id":125,"date":"2023-02-14T12:56:12","date_gmt":"2023-02-14T09:56:12","guid":{"rendered":"http:\/\/www.asuatun.com\/?page_id=125"},"modified":"2023-02-18T16:17:46","modified_gmt":"2023-02-18T13:17:46","slug":"videolar","status":"publish","type":"page","link":"https:\/\/www.asuatun.com\/index.php\/videolar\/","title":{"rendered":"Videolar"},"content":{"rendered":"\n<p class=\"has-text-align-right has-medium-font-size\"><a href=\"http:\/\/www.asuatun.com\" data-type=\"URL\" data-id=\"http:\/\/www.asuatun.com\">Ana Sayfa<\/a><\/p>\n\n\n\n<h2 class=\"has-text-align-left has-large-font-size wp-block-heading\">\u0130kili ili\u015fkilerde hakl\u0131 c\u0131kmak<\/h2>\n\n\n\n<figure class=\"wp-block-video\"><video height=\"720\" style=\"aspect-ratio: 1280 \/ 720;\" width=\"1280\" controls muted src=\"http:\/\/www.asuatun.com\/wp-content\/uploads\/2023\/02\/trim.4231E0F2-914C-4036-842E-3BB6D36EFD21.mov\"><\/video><\/figure>\n\n\n\n<h1 class=\"has-text-align-left has-large-font-size wp-block-heading\">Yeni y\u0131l mesaj\u0131, kendimize te\u015fekk\u00fcr etmek ve \u015f\u00fckretmektir.<\/h1>\n\n\n\n<p><\/p>\n\n\n\n<figure class=\"wp-block-video\"><video height=\"720\" style=\"aspect-ratio: 1280 \/ 720;\" width=\"1280\" controls muted src=\"http:\/\/www.asuatun.com\/wp-content\/uploads\/2023\/02\/trim.6A98C66F-4197-47AE-8F9E-F30BE666CE43.mov\"><\/video><\/figure>\n\n\n\n<blockquote class=\"wp-block-quote is-layout-flow wp-block-quote-is-layout-flow\">\n<p><\/p>\n<\/blockquote>\n","protected":false},"excerpt":{"rendered":"<p>Ana Sayfa \u0130kili ili\u015fkilerde hakl\u0131 c\u0131kmak Yeni y\u0131l mesaj\u0131, kendimize te\u015fekk\u00fcr etmek ve \u015f\u00fckretmektir.<\/p>\n","protected":false},"author":1,"featured_media":0,"parent":0,"menu_order":0,"comment_status":"closed","ping_status":"closed","template":"","meta":{"footnotes":""},"class_list":["post-125","page","type-page","status-publish","hentry"],"_links":{"self":[{"href":"https:\/\/www.asuatun.com\/index.php\/wp-json\/wp\/v2\/pages\/125","targetHints":{"allow":["GET"]}}],"collection":[{"href":"https:\/\/www.asuatun.com\/index.php\/wp-json\/wp\/v2\/pages"}],"about":[{"href":"https:\/\/www.asuatun.com\/index.php\/wp-json\/wp\/v2\/types\/page"}],"author":[{"embeddable":true,"href":"https:\/\/www.asuatun.com\/index.php\/wp-json\/wp\/v2\/users\/1"}],"replies":[{"embeddable":true,"href":"https:\/\/www.asuatun.com\/index.php\/wp-json\/wp\/v2\/comments?post=125"}],"version-history":[{"count":19,"href":"https:\/\/www.asuatun.com\/index.php\/wp-json\/wp\/v2\/pages\/125\/revisions"}],"predecessor-version":[{"id":261,"href":"https:\/\/www.asuatun.com\/index.php\/wp-json\/wp\/v2\/pages\/125\/revisions\/261"}],"wp:attachment":[{"href":"https:\/\/www.asuatun.com\/index.php\/wp-json\/wp\/v2\/media?parent=125"}],"curies":[{"name":"wp","href":"https:\/\/api.w.org\/{rel}","templated":true}]}}